{"id":1635,"date":"2024-07-10T16:09:17","date_gmt":"2024-07-10T14:09:17","guid":{"rendered":"https:\/\/www.novaprint.tn\/?page_id=1635"},"modified":"2025-02-12T12:57:03","modified_gmt":"2025-02-12T11:57:03","slug":"imprimerie","status":"publish","type":"page","link":"https:\/\/www.novaprint.tn\/en\/imprimerie\/","title":{"rendered":"The printing"},"content":{"rendered":"<div class=\"wpb-content-wrapper\"><div class=\"vc_row wpb_row vc_row-fluid BlockImp vc_custom_1732089096390 wpb_animate_when_almost_visible haru-css-animation wpb_fadeInDown\"><div class=\"wpb_column vc_column_container vc_col-sm-6\"><div class=\"vc_column-inner\"><div class=\"wpb_wrapper\"><div class=\"vc_row wpb_row vc_inner vc_row-fluid\"><div class=\"wpb_column vc_column_container vc_col-sm-12\"><div class=\"vc_column-inner\"><div class=\"wpb_wrapper\"><h2 style=\"text-align: left\" class=\"vc_custom_heading heading_style_5 translation-block\"><span class=\"sub-heading\">NOVA PRINT<\/span>Excellence in every<span class=\"hightlight-heading\">print<\/span><\/h2>\n\t<div class=\"wpb_text_column wpb_content_element vc_custom_1739361416574 descBloc\" >\n\t\t<div class=\"wpb_wrapper\">\n\t\t\t<p>ATELIER NOVA PRINT &amp; PACKAGING stands out for its state-of-the-art machinery, which allows fully controlled production without subcontracting. This guarantees optimised costs, on-time delivery and impeccable quality. Exporting to 17 countries and generating over 30% of its turnover from exports, NOVA PRINT &amp; PACKAGING is committed to providing a service that combines reliability, professionalism and innovation.<\/p>\n\n\t\t<\/div>\n\t<\/div>\n<\/div><\/div><\/div><\/div><div class=\"vc_row wpb_row vc_inner vc_row-fluid\"><div class=\"wpb_column vc_column_container vc_col-sm-6\"><div class=\"vc_column-inner\"><div class=\"wpb_wrapper\">            \n            <div class=\"\">\n                    <div class=\"icon-box-shortcode-wrap style_3\">\n        <div class=\"icon-box-container\">\n                            <div class=\"icon-wrap\">\n                    <span class=\"icon-svg icon-printer\"><\/span>\n                <\/div>\n            \n            <div class=\"icon-content\">\n                <h5 class=\"icon-title\">\n                                        Advanced technology                                    <\/h5>\n                <p class=\"icon-description\"><\/p>\n            <\/div>\n        <\/div>\n    <\/div>\n            <\/div>\n            \n        <\/div><\/div><\/div><div class=\"wpb_column vc_column_container vc_col-sm-6\"><div class=\"vc_column-inner\"><div class=\"wpb_wrapper\">            \n            <div class=\"\">\n                    <div class=\"icon-box-shortcode-wrap style_3\">\n        <div class=\"icon-box-container\">\n                            <div class=\"icon-wrap\">\n                    <span class=\"icon-svg icon-tablet\"><\/span>\n                <\/div>\n            \n            <div class=\"icon-content\">\n                <h5 class=\"icon-title\">\n                                        Integrated production                                    <\/h5>\n                <p class=\"icon-description\"><\/p>\n            <\/div>\n        <\/div>\n    <\/div>\n            <\/div>\n            \n        <\/div><\/div><\/div><\/div><div class=\"vc_row wpb_row vc_inner vc_row-fluid\"><div class=\"wpb_column vc_column_container vc_col-sm-6\"><div class=\"vc_column-inner\"><div class=\"wpb_wrapper\">            \n            <div class=\"\">\n                    <div class=\"icon-box-shortcode-wrap style_3\">\n        <div class=\"icon-box-container\">\n                            <div class=\"icon-wrap\">\n                    <span class=\"icon-svg icon-photocopier\"><\/span>\n                <\/div>\n            \n            <div class=\"icon-content\">\n                <h5 class=\"icon-title\">\n                                        CSR commitment                                    <\/h5>\n                <p class=\"icon-description\"><\/p>\n            <\/div>\n        <\/div>\n    <\/div>\n            <\/div>\n            \n        <\/div><\/div><\/div><div class=\"wpb_column vc_column_container vc_col-sm-6\"><div class=\"vc_column-inner\"><div class=\"wpb_wrapper\">            \n            <div class=\"\">\n                    <div class=\"icon-box-shortcode-wrap style_3\">\n        <div class=\"icon-box-container\">\n                            <div class=\"icon-wrap\">\n                    <span class=\"icon-svg icon-scanner\"><\/span>\n                <\/div>\n            \n            <div class=\"icon-content\">\n                <h5 class=\"icon-title\">\n                                        Quality and professionalism                                    <\/h5>\n                <p class=\"icon-description\"><\/p>\n            <\/div>\n        <\/div>\n    <\/div>\n            <\/div>\n            \n        <\/div><\/div><\/div><\/div><\/div><\/div><\/div><div class=\"wpb_column vc_column_container vc_col-sm-6\"><div class=\"vc_column-inner\"><div class=\"wpb_wrapper\"><div class=\"vc_row wpb_row vc_inner vc_row-fluid\"><div class=\"ImgCol wpb_column vc_column_container vc_col-sm-12\"><div class=\"vc_column-inner\"><div class=\"wpb_wrapper\">\n\t<div  class=\"wpb_single_image wpb_content_element vc_align_right wpb_content_element  about-us-image-tb\">\n\t\t\n\t\t<figure class=\"wpb_wrapper vc_figure\">\n\t\t\t<div class=\"vc_single_image-wrapper   vc_box_border_grey\"><img loading=\"lazy\" decoding=\"async\" width=\"2560\" height=\"1703\" src=\"https:\/\/www.novaprint.tn\/wp-content\/uploads\/2025\/01\/DSC_5030-scaled.jpg\" class=\"vc_single_image-img attachment-full\" alt=\"\" title=\"DSC_5030\" srcset=\"https:\/\/www.novaprint.tn\/wp-content\/uploads\/2025\/01\/DSC_5030-scaled.jpg 2560w, https:\/\/www.novaprint.tn\/wp-content\/uploads\/2025\/01\/DSC_5030-300x200.jpg 300w, https:\/\/www.novaprint.tn\/wp-content\/uploads\/2025\/01\/DSC_5030-1024x681.jpg 1024w, https:\/\/www.novaprint.tn\/wp-content\/uploads\/2025\/01\/DSC_5030-768x511.jpg 768w, https:\/\/www.novaprint.tn\/wp-content\/uploads\/2025\/01\/DSC_5030-1536x1022.jpg 1536w, https:\/\/www.novaprint.tn\/wp-content\/uploads\/2025\/01\/DSC_5030-2048x1362.jpg 2048w, https:\/\/www.novaprint.tn\/wp-content\/uploads\/2025\/01\/DSC_5030-600x399.jpg 600w\" sizes=\"auto, (max-width: 2560px) 100vw, 2560px\" \/><\/div>\n\t\t<\/figure>\n\t<\/div>\n<\/div><\/div><\/div><\/div><\/div><\/div><\/div><\/div><div id=\"id-yacine\" class=\"vc_row wpb_row vc_row-fluid BlockImp vc_custom_1737036524584 wpb_animate_when_almost_visible haru-css-animation wpb_fadeInDown\"><div class=\"wpb_column vc_column_container vc_col-sm-6\"><div class=\"vc_column-inner\"><div class=\"wpb_wrapper\"><div class=\"vc_row wpb_row vc_inner vc_row-fluid\"><div class=\"ImgCol wpb_column vc_column_container vc_col-sm-12\"><div class=\"vc_column-inner\"><div class=\"wpb_wrapper\">\n\t<div  class=\"wpb_single_image wpb_content_element vc_align_left wpb_content_element  about-us-image-CH\">\n\t\t\n\t\t<figure class=\"wpb_wrapper vc_figure\">\n\t\t\t<div class=\"vc_single_image-wrapper   vc_box_border_grey\"><img loading=\"lazy\" decoding=\"async\" width=\"1183\" height=\"800\" src=\"https:\/\/www.novaprint.tn\/wp-content\/uploads\/2025\/01\/chakib-yaiche.jpg\" class=\"vc_single_image-img attachment-full\" alt=\"\" title=\"chakib yaiche\" srcset=\"https:\/\/www.novaprint.tn\/wp-content\/uploads\/2025\/01\/chakib-yaiche.jpg 1183w, https:\/\/www.novaprint.tn\/wp-content\/uploads\/2025\/01\/chakib-yaiche-300x203.jpg 300w, https:\/\/www.novaprint.tn\/wp-content\/uploads\/2025\/01\/chakib-yaiche-1024x692.jpg 1024w, https:\/\/www.novaprint.tn\/wp-content\/uploads\/2025\/01\/chakib-yaiche-768x519.jpg 768w, https:\/\/www.novaprint.tn\/wp-content\/uploads\/2025\/01\/chakib-yaiche-600x406.jpg 600w\" sizes=\"auto, (max-width: 1183px) 100vw, 1183px\" \/><\/div>\n\t\t<\/figure>\n\t<\/div>\n<\/div><\/div><\/div><\/div><\/div><\/div><\/div><div class=\"wpb_column vc_column_container vc_col-sm-6\"><div class=\"vc_column-inner\"><div class=\"wpb_wrapper\"><div class=\"vc_row wpb_row vc_inner vc_row-fluid\"><div class=\"wpb_column vc_column_container vc_col-sm-12\"><div class=\"vc_column-inner\"><div class=\"wpb_wrapper\"><h2 style=\"text-align: right\" class=\"vc_custom_heading heading_style_5\"><span class=\"sub-heading\">FONDATEUR<\/span>Chakib<span class=\"hightlight-heading\" >YAICHE<\/span> <\/h2>\n\t<div class=\"wpb_text_column wpb_content_element vc_custom_1737035797810 descBloc\" >\n\t\t<div class=\"wpb_wrapper\">\n\t\t\t<p>Novaprint started out in 180m2 premises with two second-hand single-colour offset presses (23 years old) and a poor-quality Chinese guillotine. When I looked at what was being done on the market, I realised that there were a lot of printers who weren't doing quality work. The path I've set myself is quality to be able to stand out. That's what I followed and it paid off after just a few months. The second option is to reinvest the profits made by the company. Our participation in the upgrading programmes has borne fruit. The policy followed in these programmes is to replace second-hand machines with new ones (1st programme). The second was to introduce finishing machines, namely folders and a saddle-stitcher, (2nd programme) and the other very well thought-out programmes led to the acquisition of a four-colour (SM52-4) then SM 74-4 c and the investments have not stopped until we reach the 7th upgrading programme which has just enabled us to make a substantial leap forward by purchasing a KBA 6C + Varnish in the latest generation 70 x 105 dimensions; not forgetting the certifications which make Novaprint a symbol of quality.<\/p>\n\n\t\t<\/div>\n\t<\/div>\n<\/div><\/div><\/div><\/div><\/div><\/div><\/div><\/div><div class=\"vc_row wpb_row vc_row-fluid historbloc vc_custom_1735145370269\"><div class=\"wpb_column vc_column_container vc_col-sm-12\"><div class=\"vc_column-inner\"><div class=\"wpb_wrapper\"><h2 style=\"text-align: center\" class=\"vc_custom_heading heading_style_5\"><span class=\"sub-heading\">NOVA PRINT<\/span>History<\/h2><\/div><\/div><\/div><\/div><div data-vc-full-width=\"true\" data-vc-full-width-init=\"false\" class=\"vc_row wpb_row vc_row-fluid historique-content vc_custom_1735201152534\"><div class=\"wpb_column vc_column_container vc_col-sm-12\"><div class=\"vc_column-inner\"><div class=\"wpb_wrapper\">\n\t<div  class=\"wpb_single_image wpb_content_element vc_align_left wpb_content_element  historique\">\n\t\t\n\t\t<figure class=\"wpb_wrapper vc_figure\">\n\t\t\t<div class=\"vc_single_image-wrapper   vc_box_border_grey\"><img loading=\"lazy\" decoding=\"async\" width=\"300\" height=\"101\" src=\"https:\/\/www.novaprint.tn\/wp-content\/uploads\/2024\/11\/Evolution-NOVA.jpg\" class=\"vc_single_image-img attachment-medium\" alt=\"Evolution-NOVA\" title=\"Evolution-NOVA\" \/><\/div>\n\t\t<\/figure>\n\t<\/div>\n<\/div><\/div><\/div><\/div><div class=\"vc_row-full-width vc_clearfix\"><\/div>\n<\/div>","protected":false},"excerpt":{"rendered":"NOVA PRINTL\u2019excellence \u00e0 chaqueimpression L\u2019ATELIER NOVA PRINT &amp; PACKAGING se distingue par son parc machine \u00e0 la pointe de la technologie, permettant une production enti\u00e8rement ma\u00eetris\u00e9e sans sous-traitance. Cela garantit des co\u00fbts optimis\u00e9s, des d\u00e9lais respect\u00e9s et une qualit\u00e9 irr\u00e9prochable. Exporte vers 17 pays et r\u00e9alisant plus de 30% de son chiffre d\u2019affaires \u00e0 l\u2019export, [...]","protected":false},"author":1,"featured_media":0,"parent":0,"menu_order":0,"comment_status":"closed","ping_status":"closed","template":"","meta":{"_acf_changed":false,"footnotes":""},"class_list":["post-1635","page","type-page","status-publish","hentry","clearfix"],"acf":[],"yoast_head":"<!-- This site is optimized with the Yoast SEO plugin v27.4 - https:\/\/yoast.com\/product\/yoast-seo-wordpress\/ -->\n<title>L\u2019imprimerie - Nova print<\/title>\n<meta name=\"robots\" content=\"index, follow, max-snippet:-1, max-image-preview:large, max-video-preview:-1\" \/>\n<link rel=\"canonical\" href=\"https:\/\/www.novaprint.tn\/en\/imprimerie\/\" \/>\n<meta property=\"og:locale\" content=\"en_GB\" \/>\n<meta property=\"og:type\" content=\"article\" \/>\n<meta property=\"og:title\" content=\"L\u2019imprimerie - Nova print\" \/>\n<meta property=\"og:url\" content=\"https:\/\/www.novaprint.tn\/en\/imprimerie\/\" \/>\n<meta property=\"og:site_name\" content=\"Nova print\" \/>\n<meta property=\"article:modified_time\" content=\"2025-02-12T11:57:03+00:00\" \/>\n<meta name=\"twitter:card\" content=\"summary_large_image\" \/>\n<meta name=\"twitter:label1\" content=\"Estimated reading time\" \/>\n\t<meta name=\"twitter:data1\" content=\"3 minutes\" \/>\n<script type=\"application\/ld+json\" class=\"yoast-schema-graph\">{\"@context\":\"https:\\\/\\\/schema.org\",\"@graph\":[{\"@type\":\"WebPage\",\"@id\":\"https:\\\/\\\/www.novaprint.tn\\\/imprimerie\\\/\",\"url\":\"https:\\\/\\\/www.novaprint.tn\\\/imprimerie\\\/\",\"name\":\"L\u2019imprimerie - Nova print\",\"isPartOf\":{\"@id\":\"https:\\\/\\\/www.novaprint.tn\\\/#website\"},\"datePublished\":\"2024-07-10T14:09:17+00:00\",\"dateModified\":\"2025-02-12T11:57:03+00:00\",\"breadcrumb\":{\"@id\":\"https:\\\/\\\/www.novaprint.tn\\\/imprimerie\\\/#breadcrumb\"},\"inLanguage\":\"en-GB\",\"potentialAction\":[{\"@type\":\"ReadAction\",\"target\":[\"https:\\\/\\\/www.novaprint.tn\\\/imprimerie\\\/\"]}]},{\"@type\":\"BreadcrumbList\",\"@id\":\"https:\\\/\\\/www.novaprint.tn\\\/imprimerie\\\/#breadcrumb\",\"itemListElement\":[{\"@type\":\"ListItem\",\"position\":1,\"name\":\"Accueil\",\"item\":\"https:\\\/\\\/www.novaprint.tn\\\/\"},{\"@type\":\"ListItem\",\"position\":2,\"name\":\"L\u2019imprimerie\"}]},{\"@type\":\"WebSite\",\"@id\":\"https:\\\/\\\/www.novaprint.tn\\\/#website\",\"url\":\"https:\\\/\\\/www.novaprint.tn\\\/\",\"name\":\"Nova print\",\"description\":\"\",\"publisher\":{\"@id\":\"https:\\\/\\\/www.novaprint.tn\\\/#organization\"},\"potentialAction\":[{\"@type\":\"SearchAction\",\"target\":{\"@type\":\"EntryPoint\",\"urlTemplate\":\"https:\\\/\\\/www.novaprint.tn\\\/?s={search_term_string}\"},\"query-input\":{\"@type\":\"PropertyValueSpecification\",\"valueRequired\":true,\"valueName\":\"search_term_string\"}}],\"inLanguage\":\"en-GB\"},{\"@type\":\"Organization\",\"@id\":\"https:\\\/\\\/www.novaprint.tn\\\/#organization\",\"name\":\"Nova print\",\"url\":\"https:\\\/\\\/www.novaprint.tn\\\/\",\"logo\":{\"@type\":\"ImageObject\",\"inLanguage\":\"en-GB\",\"@id\":\"https:\\\/\\\/www.novaprint.tn\\\/#\\\/schema\\\/logo\\\/image\\\/\",\"url\":\"https:\\\/\\\/www.novaprint.tn\\\/wp-content\\\/uploads\\\/2024\\\/07\\\/logo-footer.png\",\"contentUrl\":\"https:\\\/\\\/www.novaprint.tn\\\/wp-content\\\/uploads\\\/2024\\\/07\\\/logo-footer.png\",\"width\":139,\"height\":122,\"caption\":\"Nova print\"},\"image\":{\"@id\":\"https:\\\/\\\/www.novaprint.tn\\\/#\\\/schema\\\/logo\\\/image\\\/\"}}]}<\/script>\n<!-- \/ Yoast SEO plugin. -->","yoast_head_json":{"title":"L\u2019imprimerie - Nova print","robots":{"index":"index","follow":"follow","max-snippet":"max-snippet:-1","max-image-preview":"max-image-preview:large","max-video-preview":"max-video-preview:-1"},"canonical":"https:\/\/www.novaprint.tn\/en\/imprimerie\/","og_locale":"en_GB","og_type":"article","og_title":"L\u2019imprimerie - Nova print","og_url":"https:\/\/www.novaprint.tn\/en\/imprimerie\/","og_site_name":"Nova print","article_modified_time":"2025-02-12T11:57:03+00:00","twitter_card":"summary_large_image","twitter_misc":{"Estimated reading time":"3 minutes"},"schema":{"@context":"https:\/\/schema.org","@graph":[{"@type":"WebPage","@id":"https:\/\/www.novaprint.tn\/imprimerie\/","url":"https:\/\/www.novaprint.tn\/imprimerie\/","name":"L\u2019imprimerie - Nova print","isPartOf":{"@id":"https:\/\/www.novaprint.tn\/#website"},"datePublished":"2024-07-10T14:09:17+00:00","dateModified":"2025-02-12T11:57:03+00:00","breadcrumb":{"@id":"https:\/\/www.novaprint.tn\/imprimerie\/#breadcrumb"},"inLanguage":"en-GB","potentialAction":[{"@type":"ReadAction","target":["https:\/\/www.novaprint.tn\/imprimerie\/"]}]},{"@type":"BreadcrumbList","@id":"https:\/\/www.novaprint.tn\/imprimerie\/#breadcrumb","itemListElement":[{"@type":"ListItem","position":1,"name":"Accueil","item":"https:\/\/www.novaprint.tn\/"},{"@type":"ListItem","position":2,"name":"L\u2019imprimerie"}]},{"@type":"WebSite","@id":"https:\/\/www.novaprint.tn\/#website","url":"https:\/\/www.novaprint.tn\/","name":"Nova print","description":"","publisher":{"@id":"https:\/\/www.novaprint.tn\/#organization"},"potentialAction":[{"@type":"SearchAction","target":{"@type":"EntryPoint","urlTemplate":"https:\/\/www.novaprint.tn\/?s={search_term_string}"},"query-input":{"@type":"PropertyValueSpecification","valueRequired":true,"valueName":"search_term_string"}}],"inLanguage":"en-GB"},{"@type":"Organization","@id":"https:\/\/www.novaprint.tn\/#organization","name":"Nova print","url":"https:\/\/www.novaprint.tn\/","logo":{"@type":"ImageObject","inLanguage":"en-GB","@id":"https:\/\/www.novaprint.tn\/#\/schema\/logo\/image\/","url":"https:\/\/www.novaprint.tn\/wp-content\/uploads\/2024\/07\/logo-footer.png","contentUrl":"https:\/\/www.novaprint.tn\/wp-content\/uploads\/2024\/07\/logo-footer.png","width":139,"height":122,"caption":"Nova print"},"image":{"@id":"https:\/\/www.novaprint.tn\/#\/schema\/logo\/image\/"}}]}},"jetpack_sharing_enabled":true,"_links":{"self":[{"href":"https:\/\/www.novaprint.tn\/en\/wp-json\/wp\/v2\/pages\/1635","targetHints":{"allow":["GET"]}}],"collection":[{"href":"https:\/\/www.novaprint.tn\/en\/wp-json\/wp\/v2\/pages"}],"about":[{"href":"https:\/\/www.novaprint.tn\/en\/wp-json\/wp\/v2\/types\/page"}],"author":[{"embeddable":true,"href":"https:\/\/www.novaprint.tn\/en\/wp-json\/wp\/v2\/users\/1"}],"replies":[{"embeddable":true,"href":"https:\/\/www.novaprint.tn\/en\/wp-json\/wp\/v2\/comments?post=1635"}],"version-history":[{"count":0,"href":"https:\/\/www.novaprint.tn\/en\/wp-json\/wp\/v2\/pages\/1635\/revisions"}],"wp:attachment":[{"href":"https:\/\/www.novaprint.tn\/en\/wp-json\/wp\/v2\/media?parent=1635"}],"curies":[{"name":"wp","href":"https:\/\/api.w.org\/{rel}","templated":true}]}}