{"id":2506,"date":"2024-09-30T15:35:59","date_gmt":"2024-09-30T13:35:59","guid":{"rendered":"https:\/\/www.novaprint.tn\/?page_id=2506"},"modified":"2025-02-12T14:49:33","modified_gmt":"2025-02-12T13:49:33","slug":"certifications-iso","status":"publish","type":"page","link":"https:\/\/www.novaprint.tn\/en\/certifications-iso\/","title":{"rendered":"ISO certifications"},"content":{"rendered":"<div class=\"wpb-content-wrapper\"><div class=\"vc_row wpb_row vc_row-fluid vc_custom_1731947393278\"><div class=\"wpb_column vc_column_container vc_col-sm-12\"><div class=\"vc_column-inner\"><div class=\"wpb_wrapper\"><div class=\"vc_row wpb_row vc_inner vc_row-fluid\"><div class=\"wpb_column vc_column_container vc_col-sm-2\"><div class=\"vc_column-inner\"><div class=\"wpb_wrapper\"><\/div><\/div><\/div><div class=\"wpb_column vc_column_container vc_col-sm-8\"><div class=\"vc_column-inner\"><div class=\"wpb_wrapper\"><h2 style=\"text-align: center\" class=\"vc_custom_heading heading_style_3\">Renewal of ISO certifications<\/h2>\n\t<div class=\"wpb_text_column wpb_content_element vc_custom_1735226178194\" >\n\t\t<div class=\"wpb_wrapper\">\n\t\t\t<p style=\"text-align: center;\">Discover our commitment to quality, safety and sustainability through our ISO certifications. These internationally recognised standards reflect our dedication to excellence in delivering reliable and innovative solutions. Explore how our compliance with ISO guidelines ensures high levels of performance, environmental responsibility and customer satisfaction in all our services and products.<\/p>\n\n\t\t<\/div>\n\t<\/div>\n<\/div><\/div><\/div><div class=\"wpb_column vc_column_container vc_col-sm-2\"><div class=\"vc_column-inner\"><div class=\"wpb_wrapper\"><\/div><\/div><\/div><\/div><\/div><\/div><\/div><\/div><div data-vc-full-width=\"true\" data-vc-full-width-init=\"false\" class=\"vc_row wpb_row vc_row-fluid vc_custom_1731945146485 vc_row-has-fill vc_row-o-content-middle vc_row-flex\"><div class=\"wpb_column vc_column_container vc_col-sm-6\"><div class=\"vc_column-inner\"><div class=\"wpb_wrapper\"><div class=\"vc_row wpb_row vc_inner vc_row-fluid services-title-1\"><div class=\"wpb_column vc_column_container vc_col-sm-12\"><div class=\"vc_column-inner\"><div class=\"wpb_wrapper\"><h2 style=\"text-align: left\" class=\"vc_custom_heading heading_style_3\">ISO: Guarantees of Excellence and Trust<\/h2>\n\t<div class=\"wpb_text_column wpb_content_element vc_custom_1735226234326\" >\n\t\t<div class=\"wpb_wrapper\">\n\t\t\t<p>At Novaprint and Packaging, our ISO certifications testify to our constant quest for excellence and our commitment to rigorous international standards.<\/p>\n<p>Ces certifications renforcent notre position de leader dans l&#8217;industrie en garantissant des solutions d&#8217;impression et d&#8217;emballage fiables, innovantes et respectueuses de l\u2019environnement.<\/p>\n<p>Trust Novaprint and Packaging for certified services, synonymous with quality, safety and sustainable performance.<\/p>\n\n\t\t<\/div>\n\t<\/div>\n<\/div><\/div><\/div><\/div><\/div><\/div><\/div><div class=\"wpb_column vc_column_container vc_col-sm-6\"><div class=\"vc_column-inner\"><div class=\"wpb_wrapper\"><div class=\"vc_row wpb_row vc_inner vc_row-fluid vc_row-o-content-middle vc_row-flex\"><div class=\"wpb_column vc_column_container vc_col-sm-12\"><div class=\"vc_column-inner\"><div class=\"wpb_wrapper\">            \n            <div class=\"\">\n                    <div class=\"icon-box-shortcode-wrap style_1 pdf-certificat\">\n        <div class=\"icon-box-container\">\n                    <a href=\"https:\/\/novaprint.hypergroup.com.tn\/wp-content\/uploads\/2024\/12\/NOVAPRINT-9K-.pdf\" title=\"\" target=\"_blank\">\n                    <div class=\"icon-wrap\" style=\"color:#dd3333\">\n                <span class=\"fas fa-file-pdf\"><\/span>\n            <\/div>    \n                    <\/a>\n                    <div class=\"icon-content\">\n                <h5 class=\"icon-title\">\n                                            <a href=\"https:\/\/novaprint.hypergroup.com.tn\/wp-content\/uploads\/2024\/12\/NOVAPRINT-9K-.pdf\" title=\"\" target=\"_blank\">\n                                        ISO 9001                                            <\/a>\n                                    <\/h5>\n                <p class=\"icon-description\"><\/p>\n            <\/div>\n        <\/div>\n    <\/div>\n            <\/div>\n            \n                    \n            <div class=\"\">\n                    <div class=\"icon-box-shortcode-wrap style_1 pdf-certificat\">\n        <div class=\"icon-box-container\">\n                    <a href=\"https:\/\/novaprint.hypergroup.com.tn\/wp-content\/uploads\/2024\/12\/NOVAPRINT-14K-.pdf\" title=\"\" target=\"_blank\">\n                    <div class=\"icon-wrap\" style=\"color:#dd3333\">\n                <span class=\"fas fa-file-pdf\"><\/span>\n            <\/div>    \n                    <\/a>\n                    <div class=\"icon-content\">\n                <h5 class=\"icon-title\">\n                                            <a href=\"https:\/\/novaprint.hypergroup.com.tn\/wp-content\/uploads\/2024\/12\/NOVAPRINT-14K-.pdf\" title=\"\" target=\"_blank\">\n                                        ISO 14001                                            <\/a>\n                                    <\/h5>\n                <p class=\"icon-description\"><\/p>\n            <\/div>\n        <\/div>\n    <\/div>\n            <\/div>\n            \n                    \n            <div class=\"\">\n                    <div class=\"icon-box-shortcode-wrap style_1 pdf-certificat\">\n        <div class=\"icon-box-container\">\n                    <a href=\"https:\/\/novaprint.hypergroup.com.tn\/wp-content\/uploads\/2024\/12\/PSO-ISO-12647-2-.pdf\" title=\"\" target=\"_blank\">\n                    <div class=\"icon-wrap\" style=\"color:#dd3333\">\n                <span class=\"fas fa-file-pdf\"><\/span>\n            <\/div>    \n                    <\/a>\n                    <div class=\"icon-content\">\n                <h5 class=\"icon-title\">\n                                            <a href=\"https:\/\/novaprint.hypergroup.com.tn\/wp-content\/uploads\/2024\/12\/PSO-ISO-12647-2-.pdf\" title=\"\" target=\"_blank\">\n                                        ISO 12647-2                                            <\/a>\n                                    <\/h5>\n                <p class=\"icon-description\"><\/p>\n            <\/div>\n        <\/div>\n    <\/div>\n            <\/div>\n            \n        <\/div><\/div><\/div><\/div><\/div><\/div><\/div><\/div><div class=\"vc_row-full-width vc_clearfix\"><\/div>\n<\/div>","protected":false},"excerpt":{"rendered":"Renouvellement des certifications ISO D\u00e9couvrez notre engagement envers la qualit\u00e9, la s\u00e9curit\u00e9 et la durabilit\u00e9 \u00e0 travers nos certifications ISO. Ces normes internationalement reconnues refl\u00e8tent notre d\u00e9vouement \u00e0 l\u2019excellence dans la livraison de solutions fiables et innovantes. Explorez comment notre conformit\u00e9 aux directives ISO garantit des performances de haut niveau, une responsabilit\u00e9 environnementale et une [...]","protected":false},"author":1,"featured_media":0,"parent":0,"menu_order":0,"comment_status":"closed","ping_status":"closed","template":"","meta":{"_acf_changed":false,"footnotes":""},"class_list":["post-2506","page","type-page","status-publish","hentry","clearfix"],"acf":[],"yoast_head":"<!-- This site is optimized with the Yoast SEO plugin v27.4 - https:\/\/yoast.com\/product\/yoast-seo-wordpress\/ -->\n<title>Certifications ISO - Nova print<\/title>\n<meta name=\"robots\" content=\"index, follow, max-snippet:-1, max-image-preview:large, max-video-preview:-1\" \/>\n<link rel=\"canonical\" href=\"https:\/\/www.novaprint.tn\/en\/certifications-iso\/\" \/>\n<meta property=\"og:locale\" content=\"en_GB\" \/>\n<meta property=\"og:type\" content=\"article\" \/>\n<meta property=\"og:title\" content=\"Certifications ISO - Nova print\" \/>\n<meta property=\"og:url\" content=\"https:\/\/www.novaprint.tn\/en\/certifications-iso\/\" \/>\n<meta property=\"og:site_name\" content=\"Nova print\" \/>\n<meta property=\"article:modified_time\" content=\"2025-02-12T13:49:33+00:00\" \/>\n<meta name=\"twitter:card\" content=\"summary_large_image\" \/>\n<meta name=\"twitter:label1\" content=\"Estimated reading time\" \/>\n\t<meta name=\"twitter:data1\" content=\"2 minutes\" \/>\n<script type=\"application\/ld+json\" class=\"yoast-schema-graph\">{\"@context\":\"https:\\\/\\\/schema.org\",\"@graph\":[{\"@type\":\"WebPage\",\"@id\":\"https:\\\/\\\/www.novaprint.tn\\\/certifications-iso\\\/\",\"url\":\"https:\\\/\\\/www.novaprint.tn\\\/certifications-iso\\\/\",\"name\":\"Certifications ISO - Nova print\",\"isPartOf\":{\"@id\":\"https:\\\/\\\/www.novaprint.tn\\\/#website\"},\"datePublished\":\"2024-09-30T13:35:59+00:00\",\"dateModified\":\"2025-02-12T13:49:33+00:00\",\"breadcrumb\":{\"@id\":\"https:\\\/\\\/www.novaprint.tn\\\/certifications-iso\\\/#breadcrumb\"},\"inLanguage\":\"en-GB\",\"potentialAction\":[{\"@type\":\"ReadAction\",\"target\":[\"https:\\\/\\\/www.novaprint.tn\\\/certifications-iso\\\/\"]}]},{\"@type\":\"BreadcrumbList\",\"@id\":\"https:\\\/\\\/www.novaprint.tn\\\/certifications-iso\\\/#breadcrumb\",\"itemListElement\":[{\"@type\":\"ListItem\",\"position\":1,\"name\":\"Accueil\",\"item\":\"https:\\\/\\\/www.novaprint.tn\\\/\"},{\"@type\":\"ListItem\",\"position\":2,\"name\":\"Certifications ISO\"}]},{\"@type\":\"WebSite\",\"@id\":\"https:\\\/\\\/www.novaprint.tn\\\/#website\",\"url\":\"https:\\\/\\\/www.novaprint.tn\\\/\",\"name\":\"Nova print\",\"description\":\"\",\"publisher\":{\"@id\":\"https:\\\/\\\/www.novaprint.tn\\\/#organization\"},\"potentialAction\":[{\"@type\":\"SearchAction\",\"target\":{\"@type\":\"EntryPoint\",\"urlTemplate\":\"https:\\\/\\\/www.novaprint.tn\\\/?s={search_term_string}\"},\"query-input\":{\"@type\":\"PropertyValueSpecification\",\"valueRequired\":true,\"valueName\":\"search_term_string\"}}],\"inLanguage\":\"en-GB\"},{\"@type\":\"Organization\",\"@id\":\"https:\\\/\\\/www.novaprint.tn\\\/#organization\",\"name\":\"Nova print\",\"url\":\"https:\\\/\\\/www.novaprint.tn\\\/\",\"logo\":{\"@type\":\"ImageObject\",\"inLanguage\":\"en-GB\",\"@id\":\"https:\\\/\\\/www.novaprint.tn\\\/#\\\/schema\\\/logo\\\/image\\\/\",\"url\":\"https:\\\/\\\/www.novaprint.tn\\\/wp-content\\\/uploads\\\/2024\\\/07\\\/logo-footer.png\",\"contentUrl\":\"https:\\\/\\\/www.novaprint.tn\\\/wp-content\\\/uploads\\\/2024\\\/07\\\/logo-footer.png\",\"width\":139,\"height\":122,\"caption\":\"Nova print\"},\"image\":{\"@id\":\"https:\\\/\\\/www.novaprint.tn\\\/#\\\/schema\\\/logo\\\/image\\\/\"}}]}<\/script>\n<!-- \/ Yoast SEO plugin. -->","yoast_head_json":{"title":"Certifications ISO - Nova print","robots":{"index":"index","follow":"follow","max-snippet":"max-snippet:-1","max-image-preview":"max-image-preview:large","max-video-preview":"max-video-preview:-1"},"canonical":"https:\/\/www.novaprint.tn\/en\/certifications-iso\/","og_locale":"en_GB","og_type":"article","og_title":"Certifications ISO - Nova print","og_url":"https:\/\/www.novaprint.tn\/en\/certifications-iso\/","og_site_name":"Nova print","article_modified_time":"2025-02-12T13:49:33+00:00","twitter_card":"summary_large_image","twitter_misc":{"Estimated reading time":"2 minutes"},"schema":{"@context":"https:\/\/schema.org","@graph":[{"@type":"WebPage","@id":"https:\/\/www.novaprint.tn\/certifications-iso\/","url":"https:\/\/www.novaprint.tn\/certifications-iso\/","name":"Certifications ISO - Nova print","isPartOf":{"@id":"https:\/\/www.novaprint.tn\/#website"},"datePublished":"2024-09-30T13:35:59+00:00","dateModified":"2025-02-12T13:49:33+00:00","breadcrumb":{"@id":"https:\/\/www.novaprint.tn\/certifications-iso\/#breadcrumb"},"inLanguage":"en-GB","potentialAction":[{"@type":"ReadAction","target":["https:\/\/www.novaprint.tn\/certifications-iso\/"]}]},{"@type":"BreadcrumbList","@id":"https:\/\/www.novaprint.tn\/certifications-iso\/#breadcrumb","itemListElement":[{"@type":"ListItem","position":1,"name":"Accueil","item":"https:\/\/www.novaprint.tn\/"},{"@type":"ListItem","position":2,"name":"Certifications ISO"}]},{"@type":"WebSite","@id":"https:\/\/www.novaprint.tn\/#website","url":"https:\/\/www.novaprint.tn\/","name":"Nova print","description":"","publisher":{"@id":"https:\/\/www.novaprint.tn\/#organization"},"potentialAction":[{"@type":"SearchAction","target":{"@type":"EntryPoint","urlTemplate":"https:\/\/www.novaprint.tn\/?s={search_term_string}"},"query-input":{"@type":"PropertyValueSpecification","valueRequired":true,"valueName":"search_term_string"}}],"inLanguage":"en-GB"},{"@type":"Organization","@id":"https:\/\/www.novaprint.tn\/#organization","name":"Nova print","url":"https:\/\/www.novaprint.tn\/","logo":{"@type":"ImageObject","inLanguage":"en-GB","@id":"https:\/\/www.novaprint.tn\/#\/schema\/logo\/image\/","url":"https:\/\/www.novaprint.tn\/wp-content\/uploads\/2024\/07\/logo-footer.png","contentUrl":"https:\/\/www.novaprint.tn\/wp-content\/uploads\/2024\/07\/logo-footer.png","width":139,"height":122,"caption":"Nova print"},"image":{"@id":"https:\/\/www.novaprint.tn\/#\/schema\/logo\/image\/"}}]}},"jetpack_sharing_enabled":true,"_links":{"self":[{"href":"https:\/\/www.novaprint.tn\/en\/wp-json\/wp\/v2\/pages\/2506","targetHints":{"allow":["GET"]}}],"collection":[{"href":"https:\/\/www.novaprint.tn\/en\/wp-json\/wp\/v2\/pages"}],"about":[{"href":"https:\/\/www.novaprint.tn\/en\/wp-json\/wp\/v2\/types\/page"}],"author":[{"embeddable":true,"href":"https:\/\/www.novaprint.tn\/en\/wp-json\/wp\/v2\/users\/1"}],"replies":[{"embeddable":true,"href":"https:\/\/www.novaprint.tn\/en\/wp-json\/wp\/v2\/comments?post=2506"}],"version-history":[{"count":0,"href":"https:\/\/www.novaprint.tn\/en\/wp-json\/wp\/v2\/pages\/2506\/revisions"}],"wp:attachment":[{"href":"https:\/\/www.novaprint.tn\/en\/wp-json\/wp\/v2\/media?parent=2506"}],"curies":[{"name":"wp","href":"https:\/\/api.w.org\/{rel}","templated":true}]}}