{"id":4487,"date":"2024-12-26T10:45:52","date_gmt":"2024-12-26T09:45:52","guid":{"rendered":"https:\/\/www.novaprint.tn\/?page_id=4487"},"modified":"2024-12-26T16:42:00","modified_gmt":"2024-12-26T15:42:00","slug":"certifications-fsc","status":"publish","type":"page","link":"https:\/\/www.novaprint.tn\/en\/certifications-fsc\/","title":{"rendered":"FSC certifications"},"content":{"rendered":"<div class=\"wpb-content-wrapper\"><div class=\"vc_row wpb_row vc_row-fluid vc_custom_1731947393278\"><div class=\"wpb_column vc_column_container vc_col-sm-12\"><div class=\"vc_column-inner\"><div class=\"wpb_wrapper\"><div class=\"vc_row wpb_row vc_inner vc_row-fluid\"><div class=\"wpb_column vc_column_container vc_col-sm-2\"><div class=\"vc_column-inner\"><div class=\"wpb_wrapper\"><\/div><\/div><\/div><div class=\"wpb_column vc_column_container vc_col-sm-8\"><div class=\"vc_column-inner\"><div class=\"wpb_wrapper\"><h2 style=\"text-align: center\" class=\"vc_custom_heading heading_style_3\">Renewal of FSC certifications<\/h2>\n\t<div class=\"wpb_text_column wpb_content_element vc_custom_1735227367630\" >\n\t\t<div class=\"wpb_wrapper\">\n\t\t\t<p style=\"text-align: center;\">Committed to a sustainable future, we are proud of our FSC (Forest Stewardship Council) certifications. These certifications testify to our respect for responsible forest management, guaranteeing that our products come from sustainable sources. Find out how we are helping to protect the environment while meeting our customers' expectations in terms of quality and ethics.<\/p>\n\n\t\t<\/div>\n\t<\/div>\n<\/div><\/div><\/div><div class=\"wpb_column vc_column_container vc_col-sm-2\"><div class=\"vc_column-inner\"><div class=\"wpb_wrapper\"><\/div><\/div><\/div><\/div><\/div><\/div><\/div><\/div><div data-vc-full-width=\"true\" data-vc-full-width-init=\"false\" class=\"vc_row wpb_row vc_row-fluid vc_custom_1731945146485 vc_row-has-fill vc_row-o-content-middle vc_row-flex\"><div class=\"wpb_column vc_column_container vc_col-sm-6\"><div class=\"vc_column-inner\"><div class=\"wpb_wrapper\"><div class=\"vc_row wpb_row vc_inner vc_row-fluid services-title-1\"><div class=\"wpb_column vc_column_container vc_col-sm-12\"><div class=\"vc_column-inner\"><div class=\"wpb_wrapper\"><h2 style=\"text-align: left\" class=\"vc_custom_heading heading_style_3\">FSC: Guarantees of Sustainability and Responsibility<\/h2>\n\t<div class=\"wpb_text_column wpb_content_element vc_custom_1735227463967\" >\n\t\t<div class=\"wpb_wrapper\">\n\t\t\t<p>For some time now, there has been a growing sense of urgency to take action to protect the environment. Fortunately, we can feel that a wind of change is blowing and that we are slowly moving in the right direction.<\/p>\n<p>Every individual gesture counts, but companies must also follow suit. NOVAPRINT is determined to contribute to the green shift in a number of ways. Printing on FSC-certified paper is part of our sustainable development initiatives and perfectly in line with our ecological values.<\/p>\n\n\t\t<\/div>\n\t<\/div>\n<\/div><\/div><\/div><\/div><\/div><\/div><\/div><div class=\"wpb_column vc_column_container vc_col-sm-6\"><div class=\"vc_column-inner\"><div class=\"wpb_wrapper\"><div class=\"vc_row wpb_row vc_inner vc_row-fluid vc_row-o-content-middle vc_row-flex\"><div class=\"wpb_column vc_column_container vc_col-sm-12\"><div class=\"vc_column-inner\"><div class=\"wpb_wrapper\">            \n            <div class=\"\">\n                    <div class=\"icon-box-shortcode-wrap style_1 pdf-certificat\">\n        <div class=\"icon-box-container\">\n                    <a href=\"https:\/\/novaprint.hypergroup.com.tn\/wp-content\/uploads\/2024\/09\/CCF15012024.pdf\" title=\"\" target=\"_blank\">\n                    <div class=\"icon-wrap\" style=\"color:#dd3333\">\n                <span class=\"fas fa-file-pdf\"><\/span>\n            <\/div>    \n                    <\/a>\n                    <div class=\"icon-content\">\n                <h5 class=\"icon-title\">\n                                            <a href=\"https:\/\/novaprint.hypergroup.com.tn\/wp-content\/uploads\/2024\/09\/CCF15012024.pdf\" title=\"\" target=\"_blank\">\n                                        FSC commitment                                            <\/a>\n                                    <\/h5>\n                <p class=\"icon-description\"><\/p>\n            <\/div>\n        <\/div>\n    <\/div>\n            <\/div>\n            \n                    \n            <div class=\"\">\n                    <div class=\"icon-box-shortcode-wrap style_1 pdf-certificat\">\n        <div class=\"icon-box-container\">\n                    <a href=\"https:\/\/novaprint.hypergroup.com.tn\/wp-content\/uploads\/2024\/09\/CCF15012024_0001.pdf\" title=\"\" target=\"_blank\">\n                    <div class=\"icon-wrap\" style=\"color:#dd3333\">\n                <span class=\"fas fa-file-pdf\"><\/span>\n            <\/div>    \n                    <\/a>\n                    <div class=\"icon-content\">\n                <h5 class=\"icon-title\">\n                                            <a href=\"https:\/\/novaprint.hypergroup.com.tn\/wp-content\/uploads\/2024\/09\/CCF15012024_0001.pdf\" title=\"\" target=\"_blank\">\n                                        Management statement                                            <\/a>\n                                    <\/h5>\n                <p class=\"icon-description\"><\/p>\n            <\/div>\n        <\/div>\n    <\/div>\n            <\/div>\n            \n                    \n            <div class=\"\">\n                    <div class=\"icon-box-shortcode-wrap style_1 pdf-certificat\">\n        <div class=\"icon-box-container\">\n                    <a href=\"https:\/\/novaprint.hypergroup.com.tn\/wp-content\/uploads\/2024\/12\/FSC-BV-COC-186091.pdf\" title=\"\" target=\"_blank\">\n                    <div class=\"icon-wrap\" style=\"color:#dd3333\">\n                <span class=\"fas fa-file-pdf\"><\/span>\n            <\/div>    \n                    <\/a>\n                    <div class=\"icon-content\">\n                <h5 class=\"icon-title\">\n                                            <a href=\"https:\/\/novaprint.hypergroup.com.tn\/wp-content\/uploads\/2024\/12\/FSC-BV-COC-186091.pdf\" title=\"\" target=\"_blank\">\n                                        FSC certificate                                            <\/a>\n                                    <\/h5>\n                <p class=\"icon-description\"><\/p>\n            <\/div>\n        <\/div>\n    <\/div>\n            <\/div>\n            \n        <\/div><\/div><\/div><\/div><\/div><\/div><\/div><\/div><div class=\"vc_row-full-width vc_clearfix\"><\/div>\n<\/div>","protected":false},"excerpt":{"rendered":"Renouvellement des certifications FSC Engag\u00e9s pour un avenir durable, nous sommes fiers de nos certifications FSC (Forest Stewardship Council). Elles attestent de notre respect pour la gestion responsable des for\u00eats, garantissant que nos produits proviennent de sources durables. D\u00e9couvrez comment nous contribuons \u00e0 la pr\u00e9servation de l\u2019environnement tout en r\u00e9pondant aux attentes de nos clients [...]","protected":false},"author":1,"featured_media":0,"parent":0,"menu_order":0,"comment_status":"closed","ping_status":"closed","template":"","meta":{"_acf_changed":false,"footnotes":""},"class_list":["post-4487","page","type-page","status-publish","hentry","clearfix"],"acf":[],"yoast_head":"<!-- This site is optimized with the Yoast SEO plugin v27.4 - https:\/\/yoast.com\/product\/yoast-seo-wordpress\/ -->\n<title>Certifications FSC - Nova print<\/title>\n<meta name=\"robots\" content=\"index, follow, max-snippet:-1, max-image-preview:large, max-video-preview:-1\" \/>\n<link rel=\"canonical\" href=\"https:\/\/www.novaprint.tn\/en\/certifications-fsc\/\" \/>\n<meta property=\"og:locale\" content=\"en_GB\" \/>\n<meta property=\"og:type\" content=\"article\" \/>\n<meta property=\"og:title\" content=\"Certifications FSC - Nova print\" \/>\n<meta property=\"og:url\" content=\"https:\/\/www.novaprint.tn\/en\/certifications-fsc\/\" \/>\n<meta property=\"og:site_name\" content=\"Nova print\" \/>\n<meta property=\"article:modified_time\" content=\"2024-12-26T15:42:00+00:00\" \/>\n<meta name=\"twitter:card\" content=\"summary_large_image\" \/>\n<meta name=\"twitter:label1\" content=\"Estimated reading time\" \/>\n\t<meta name=\"twitter:data1\" content=\"2 minutes\" \/>\n<script type=\"application\/ld+json\" class=\"yoast-schema-graph\">{\"@context\":\"https:\\\/\\\/schema.org\",\"@graph\":[{\"@type\":\"WebPage\",\"@id\":\"https:\\\/\\\/www.novaprint.tn\\\/certifications-fsc\\\/\",\"url\":\"https:\\\/\\\/www.novaprint.tn\\\/certifications-fsc\\\/\",\"name\":\"Certifications FSC - Nova print\",\"isPartOf\":{\"@id\":\"https:\\\/\\\/www.novaprint.tn\\\/#website\"},\"datePublished\":\"2024-12-26T09:45:52+00:00\",\"dateModified\":\"2024-12-26T15:42:00+00:00\",\"breadcrumb\":{\"@id\":\"https:\\\/\\\/www.novaprint.tn\\\/certifications-fsc\\\/#breadcrumb\"},\"inLanguage\":\"en-GB\",\"potentialAction\":[{\"@type\":\"ReadAction\",\"target\":[\"https:\\\/\\\/www.novaprint.tn\\\/certifications-fsc\\\/\"]}]},{\"@type\":\"BreadcrumbList\",\"@id\":\"https:\\\/\\\/www.novaprint.tn\\\/certifications-fsc\\\/#breadcrumb\",\"itemListElement\":[{\"@type\":\"ListItem\",\"position\":1,\"name\":\"Accueil\",\"item\":\"https:\\\/\\\/www.novaprint.tn\\\/\"},{\"@type\":\"ListItem\",\"position\":2,\"name\":\"Certifications FSC\"}]},{\"@type\":\"WebSite\",\"@id\":\"https:\\\/\\\/www.novaprint.tn\\\/#website\",\"url\":\"https:\\\/\\\/www.novaprint.tn\\\/\",\"name\":\"Nova print\",\"description\":\"\",\"publisher\":{\"@id\":\"https:\\\/\\\/www.novaprint.tn\\\/#organization\"},\"potentialAction\":[{\"@type\":\"SearchAction\",\"target\":{\"@type\":\"EntryPoint\",\"urlTemplate\":\"https:\\\/\\\/www.novaprint.tn\\\/?s={search_term_string}\"},\"query-input\":{\"@type\":\"PropertyValueSpecification\",\"valueRequired\":true,\"valueName\":\"search_term_string\"}}],\"inLanguage\":\"en-GB\"},{\"@type\":\"Organization\",\"@id\":\"https:\\\/\\\/www.novaprint.tn\\\/#organization\",\"name\":\"Nova print\",\"url\":\"https:\\\/\\\/www.novaprint.tn\\\/\",\"logo\":{\"@type\":\"ImageObject\",\"inLanguage\":\"en-GB\",\"@id\":\"https:\\\/\\\/www.novaprint.tn\\\/#\\\/schema\\\/logo\\\/image\\\/\",\"url\":\"https:\\\/\\\/www.novaprint.tn\\\/wp-content\\\/uploads\\\/2024\\\/07\\\/logo-footer.png\",\"contentUrl\":\"https:\\\/\\\/www.novaprint.tn\\\/wp-content\\\/uploads\\\/2024\\\/07\\\/logo-footer.png\",\"width\":139,\"height\":122,\"caption\":\"Nova print\"},\"image\":{\"@id\":\"https:\\\/\\\/www.novaprint.tn\\\/#\\\/schema\\\/logo\\\/image\\\/\"}}]}<\/script>\n<!-- \/ Yoast SEO plugin. -->","yoast_head_json":{"title":"Certifications FSC - Nova print","robots":{"index":"index","follow":"follow","max-snippet":"max-snippet:-1","max-image-preview":"max-image-preview:large","max-video-preview":"max-video-preview:-1"},"canonical":"https:\/\/www.novaprint.tn\/en\/certifications-fsc\/","og_locale":"en_GB","og_type":"article","og_title":"Certifications FSC - Nova print","og_url":"https:\/\/www.novaprint.tn\/en\/certifications-fsc\/","og_site_name":"Nova print","article_modified_time":"2024-12-26T15:42:00+00:00","twitter_card":"summary_large_image","twitter_misc":{"Estimated reading time":"2 minutes"},"schema":{"@context":"https:\/\/schema.org","@graph":[{"@type":"WebPage","@id":"https:\/\/www.novaprint.tn\/certifications-fsc\/","url":"https:\/\/www.novaprint.tn\/certifications-fsc\/","name":"Certifications FSC - Nova print","isPartOf":{"@id":"https:\/\/www.novaprint.tn\/#website"},"datePublished":"2024-12-26T09:45:52+00:00","dateModified":"2024-12-26T15:42:00+00:00","breadcrumb":{"@id":"https:\/\/www.novaprint.tn\/certifications-fsc\/#breadcrumb"},"inLanguage":"en-GB","potentialAction":[{"@type":"ReadAction","target":["https:\/\/www.novaprint.tn\/certifications-fsc\/"]}]},{"@type":"BreadcrumbList","@id":"https:\/\/www.novaprint.tn\/certifications-fsc\/#breadcrumb","itemListElement":[{"@type":"ListItem","position":1,"name":"Accueil","item":"https:\/\/www.novaprint.tn\/"},{"@type":"ListItem","position":2,"name":"Certifications FSC"}]},{"@type":"WebSite","@id":"https:\/\/www.novaprint.tn\/#website","url":"https:\/\/www.novaprint.tn\/","name":"Nova print","description":"","publisher":{"@id":"https:\/\/www.novaprint.tn\/#organization"},"potentialAction":[{"@type":"SearchAction","target":{"@type":"EntryPoint","urlTemplate":"https:\/\/www.novaprint.tn\/?s={search_term_string}"},"query-input":{"@type":"PropertyValueSpecification","valueRequired":true,"valueName":"search_term_string"}}],"inLanguage":"en-GB"},{"@type":"Organization","@id":"https:\/\/www.novaprint.tn\/#organization","name":"Nova print","url":"https:\/\/www.novaprint.tn\/","logo":{"@type":"ImageObject","inLanguage":"en-GB","@id":"https:\/\/www.novaprint.tn\/#\/schema\/logo\/image\/","url":"https:\/\/www.novaprint.tn\/wp-content\/uploads\/2024\/07\/logo-footer.png","contentUrl":"https:\/\/www.novaprint.tn\/wp-content\/uploads\/2024\/07\/logo-footer.png","width":139,"height":122,"caption":"Nova print"},"image":{"@id":"https:\/\/www.novaprint.tn\/#\/schema\/logo\/image\/"}}]}},"jetpack_sharing_enabled":true,"_links":{"self":[{"href":"https:\/\/www.novaprint.tn\/en\/wp-json\/wp\/v2\/pages\/4487","targetHints":{"allow":["GET"]}}],"collection":[{"href":"https:\/\/www.novaprint.tn\/en\/wp-json\/wp\/v2\/pages"}],"about":[{"href":"https:\/\/www.novaprint.tn\/en\/wp-json\/wp\/v2\/types\/page"}],"author":[{"embeddable":true,"href":"https:\/\/www.novaprint.tn\/en\/wp-json\/wp\/v2\/users\/1"}],"replies":[{"embeddable":true,"href":"https:\/\/www.novaprint.tn\/en\/wp-json\/wp\/v2\/comments?post=4487"}],"version-history":[{"count":0,"href":"https:\/\/www.novaprint.tn\/en\/wp-json\/wp\/v2\/pages\/4487\/revisions"}],"wp:attachment":[{"href":"https:\/\/www.novaprint.tn\/en\/wp-json\/wp\/v2\/media?parent=4487"}],"curies":[{"name":"wp","href":"https:\/\/api.w.org\/{rel}","templated":true}]}}