{"id":4844,"date":"2025-02-12T17:25:23","date_gmt":"2025-02-12T16:25:23","guid":{"rendered":"https:\/\/www.novaprint.tn\/?page_id=4844"},"modified":"2025-02-12T17:58:56","modified_gmt":"2025-02-12T16:58:56","slug":"certifications","status":"publish","type":"page","link":"https:\/\/www.novaprint.tn\/en\/certifications\/","title":{"rendered":"Certifications"},"content":{"rendered":"<div class=\"wpb-content-wrapper\"><div class=\"vc_row wpb_row vc_row-fluid vc_custom_1731947393278\"><div class=\"wpb_column vc_column_container vc_col-sm-12\"><div class=\"vc_column-inner\"><div class=\"wpb_wrapper\"><div class=\"vc_row wpb_row vc_inner vc_row-fluid\"><div class=\"wpb_column vc_column_container vc_col-sm-2\"><div class=\"vc_column-inner\"><div class=\"wpb_wrapper\"><\/div><\/div><\/div><div class=\"wpb_column vc_column_container vc_col-sm-8\"><div class=\"vc_column-inner\"><div class=\"wpb_wrapper\"><h2 style=\"text-align: center\" class=\"vc_custom_heading heading_style_3\">Our certifications<\/h2>\n\t<div class=\"wpb_text_column wpb_content_element vc_custom_1739379144364\" >\n\t\t<div class=\"wpb_wrapper\">\n\t\t\t<div class=\"p-rich_text_section translation-block\">At <b data-stringify-type=\"\u2018bold\u2019\">Novaprint and Packaging<\/b>, we are committed to the highest standards of quality, environment and safety. Our certifications guarantee our compliance with international standards and our commitment to excellence.<\/div>\n<ul class=\"p-rich_text_list p-rich_text_list__bullet p-rich_text_list--nested\" data-stringify-type=\"unordered-list\" data-list-tree=\"true\" data-indent=\"0\" data-border=\"0\">\n<li data-stringify-indent=\"0\" data-stringify-border=\"0\" class=\"translation-block\"><b data-stringify-type=\"\u2018bold\u2019\">ISO<\/b>: Ensures the quality and efficiency of our production processes.<\/li>\n<li data-stringify-indent=\"0\" data-stringify-border=\"0\" class=\"translation-block\"><b data-stringify-type=\"\u2018bold\u2019\">FSC<\/b>: Guarantees responsible management of the forest resources used in our materials.<\/li>\n<li data-stringify-indent=\"0\" data-stringify-border=\"0\" class=\"translation-block\"><b data-stringify-type=\"\u2018bold\u2019\">OAS<\/b>: Secures and facilitates our international trade.<\/li>\n<\/ul>\n<div class=\"p-rich_text_section\">Ces certifications t\u00e9moignent de notre volont\u00e9 d&#8217;offrir \u00e0 nos clients des produits fiables, respectueux de l\u2019environnement et conformes aux r\u00e9glementations en vigueur.<\/div>\n\n\t\t<\/div>\n\t<\/div>\n<\/div><\/div><\/div><div class=\"wpb_column vc_column_container vc_col-sm-2\"><div class=\"vc_column-inner\"><div class=\"wpb_wrapper\"><\/div><\/div><\/div><\/div><\/div><\/div><\/div><\/div><div data-vc-full-width=\"true\" data-vc-full-width-init=\"false\" class=\"vc_row wpb_row vc_row-fluid vc_custom_1731945146485 vc_row-has-fill vc_row-o-content-middle vc_row-flex\"><div class=\"wpb_column vc_column_container vc_col-sm-6\"><div class=\"vc_column-inner\"><div class=\"wpb_wrapper\"><div class=\"vc_row wpb_row vc_inner vc_row-fluid vc_row-o-content-middle vc_row-flex\"><div class=\"wpb_column vc_column_container vc_col-sm-12\"><div class=\"vc_column-inner\"><div class=\"wpb_wrapper\">            \n            <div class=\"\">\n                    <div class=\"icon-box-shortcode-wrap style_1 pdf-certificat\">\n        <div class=\"icon-box-container\">\n                    <a href=\"https:\/\/novaprint.hypergroup.com.tn\/wp-content\/uploads\/2024\/12\/NOVAPRINT-9K-.pdf\" title=\"\" target=\"_blank\">\n                    <div class=\"icon-wrap\" style=\"color:#dd3333\">\n                <span class=\"fas fa-file-pdf\"><\/span>\n            <\/div>    \n                    <\/a>\n                    <div class=\"icon-content\">\n                <h5 class=\"icon-title\">\n                                            <a href=\"https:\/\/novaprint.hypergroup.com.tn\/wp-content\/uploads\/2024\/12\/NOVAPRINT-9K-.pdf\" title=\"\" target=\"_blank\">\n                                        ISO 9001                                            <\/a>\n                                    <\/h5>\n                <p class=\"icon-description\"><\/p>\n            <\/div>\n        <\/div>\n    <\/div>\n            <\/div>\n            \n                    \n            <div class=\"\">\n                    <div class=\"icon-box-shortcode-wrap style_1 pdf-certificat\">\n        <div class=\"icon-box-container\">\n                    <a href=\"https:\/\/novaprint.hypergroup.com.tn\/wp-content\/uploads\/2024\/12\/NOVAPRINT-14K-.pdf\" title=\"\" target=\"_blank\">\n                    <div class=\"icon-wrap\" style=\"color:#dd3333\">\n                <span class=\"fas fa-file-pdf\"><\/span>\n            <\/div>    \n                    <\/a>\n                    <div class=\"icon-content\">\n                <h5 class=\"icon-title\">\n                                            <a href=\"https:\/\/novaprint.hypergroup.com.tn\/wp-content\/uploads\/2024\/12\/NOVAPRINT-14K-.pdf\" title=\"\" target=\"_blank\">\n                                        ISO 14001                                            <\/a>\n                                    <\/h5>\n                <p class=\"icon-description\"><\/p>\n            <\/div>\n        <\/div>\n    <\/div>\n            <\/div>\n            \n                    \n            <div class=\"\">\n                    <div class=\"icon-box-shortcode-wrap style_1 pdf-certificat\">\n        <div class=\"icon-box-container\">\n                    <a href=\"https:\/\/novaprint.hypergroup.com.tn\/wp-content\/uploads\/2024\/12\/PSO-ISO-12647-2-.pdf\" title=\"\" target=\"_blank\">\n                    <div class=\"icon-wrap\" style=\"color:#dd3333\">\n                <span class=\"fas fa-file-pdf\"><\/span>\n            <\/div>    \n                    <\/a>\n                    <div class=\"icon-content\">\n                <h5 class=\"icon-title\">\n                                            <a href=\"https:\/\/novaprint.hypergroup.com.tn\/wp-content\/uploads\/2024\/12\/PSO-ISO-12647-2-.pdf\" title=\"\" target=\"_blank\">\n                                        ISO 12647-2                                            <\/a>\n                                    <\/h5>\n                <p class=\"icon-description\"><\/p>\n            <\/div>\n        <\/div>\n    <\/div>\n            <\/div>\n            \n        <\/div><\/div><\/div><\/div><\/div><\/div><\/div><div class=\"wpb_column vc_column_container vc_col-sm-6\"><div class=\"vc_column-inner\"><div class=\"wpb_wrapper\"><div class=\"vc_row wpb_row vc_inner vc_row-fluid vc_row-o-content-middle vc_row-flex\"><div class=\"wpb_column vc_column_container vc_col-sm-12\"><div class=\"vc_column-inner\"><div class=\"wpb_wrapper\">            \n            <div class=\"\">\n                    <div class=\"icon-box-shortcode-wrap style_1 pdf-certificat\">\n        <div class=\"icon-box-container\">\n                    <a href=\"https:\/\/novaprint.hypergroup.com.tn\/wp-content\/uploads\/2024\/09\/CCF15012024.pdf\" title=\"\" target=\"_blank\">\n                    <div class=\"icon-wrap\" style=\"color:#dd3333\">\n                <span class=\"fas fa-file-pdf\"><\/span>\n            <\/div>    \n                    <\/a>\n                    <div class=\"icon-content\">\n                <h5 class=\"icon-title\">\n                                            <a href=\"https:\/\/novaprint.hypergroup.com.tn\/wp-content\/uploads\/2024\/09\/CCF15012024.pdf\" title=\"\" target=\"_blank\">\n                                        FSC commitment                                            <\/a>\n                                    <\/h5>\n                <p class=\"icon-description\"><\/p>\n            <\/div>\n        <\/div>\n    <\/div>\n            <\/div>\n            \n                    \n            <div class=\"\">\n                    <div class=\"icon-box-shortcode-wrap style_1 pdf-certificat\">\n        <div class=\"icon-box-container\">\n                    <a href=\"https:\/\/novaprint.hypergroup.com.tn\/wp-content\/uploads\/2024\/09\/CCF15012024_0001.pdf\" title=\"\" target=\"_blank\">\n                    <div class=\"icon-wrap\" style=\"color:#dd3333\">\n                <span class=\"fas fa-file-pdf\"><\/span>\n            <\/div>    \n                    <\/a>\n                    <div class=\"icon-content\">\n                <h5 class=\"icon-title\">\n                                            <a href=\"https:\/\/novaprint.hypergroup.com.tn\/wp-content\/uploads\/2024\/09\/CCF15012024_0001.pdf\" title=\"\" target=\"_blank\">\n                                        Management statement                                            <\/a>\n                                    <\/h5>\n                <p class=\"icon-description\"><\/p>\n            <\/div>\n        <\/div>\n    <\/div>\n            <\/div>\n            \n                    \n            <div class=\"\">\n                    <div class=\"icon-box-shortcode-wrap style_1 pdf-certificat\">\n        <div class=\"icon-box-container\">\n                    <a href=\"https:\/\/novaprint.hypergroup.com.tn\/wp-content\/uploads\/2024\/12\/FSC-BV-COC-186091.pdf\" title=\"\" target=\"_blank\">\n                    <div class=\"icon-wrap\" style=\"color:#dd3333\">\n                <span class=\"fas fa-file-pdf\"><\/span>\n            <\/div>    \n                    <\/a>\n                    <div class=\"icon-content\">\n                <h5 class=\"icon-title\">\n                                            <a href=\"https:\/\/novaprint.hypergroup.com.tn\/wp-content\/uploads\/2024\/12\/FSC-BV-COC-186091.pdf\" title=\"\" target=\"_blank\">\n                                        FSC certificate                                            <\/a>\n                                    <\/h5>\n                <p class=\"icon-description\"><\/p>\n            <\/div>\n        <\/div>\n    <\/div>\n            <\/div>\n            \n        <\/div><\/div><\/div><\/div><\/div><\/div><\/div><\/div><div class=\"vc_row-full-width vc_clearfix\"><\/div><div class=\"vc_row wpb_row vc_row-fluid\"><div class=\"wpb_column vc_column_container vc_col-sm-12\"><div class=\"vc_column-inner\"><div class=\"wpb_wrapper\"><div class=\"vc_row wpb_row vc_inner vc_row-fluid vc_row-o-content-middle vc_row-flex\"><div class=\"wpb_column vc_column_container vc_col-sm-12\"><div class=\"vc_column-inner\"><div class=\"wpb_wrapper\">            \n            <div class=\"\">\n                    <div class=\"icon-box-shortcode-wrap style_1 pdf-certificat touhami-row\">\n        <div class=\"icon-box-container\">\n                    <a href=\"https:\/\/novaprint.hypergroup.com.tn\/wp-content\/uploads\/2025\/01\/CCF03052021.pdf\" title=\"\" target=\"_blank\">\n                    <div class=\"icon-wrap\" style=\"color:#dd3333\">\n                <span class=\"fas fa-file-pdf\"><\/span>\n            <\/div>    \n                    <\/a>\n                    <div class=\"icon-content\">\n                <h5 class=\"icon-title\">\n                                            <a href=\"https:\/\/novaprint.hypergroup.com.tn\/wp-content\/uploads\/2025\/01\/CCF03052021.pdf\" title=\"\" target=\"_blank\">\n                                        AEO certificate                                            <\/a>\n                                    <\/h5>\n                <p class=\"icon-description\"><\/p>\n            <\/div>\n        <\/div>\n    <\/div>\n            <\/div>\n            \n        <\/div><\/div><\/div><\/div><\/div><\/div><\/div><\/div>\n<\/div>","protected":false},"excerpt":{"rendered":"Nos certifications Chez\u00a0Novaprint and Packaging, nous nous engageons \u00e0 respecter les normes les plus strictes en mati\u00e8re de qualit\u00e9, d\u2019environnement et de s\u00e9curit\u00e9. Nos certifications garantissent notre conformit\u00e9 aux standards internationaux et notre engagement envers l\u2019excellence. ISO\u00a0: Assure la qualit\u00e9 et l'efficacit\u00e9 de nos processus de production. FSC\u00a0: Garantit une gestion responsable des ressources foresti\u00e8res [...]","protected":false},"author":1,"featured_media":0,"parent":0,"menu_order":0,"comment_status":"closed","ping_status":"closed","template":"","meta":{"_acf_changed":false,"footnotes":""},"class_list":["post-4844","page","type-page","status-publish","hentry","clearfix"],"acf":[],"yoast_head":"<!-- This site is optimized with the Yoast SEO plugin v27.4 - https:\/\/yoast.com\/product\/yoast-seo-wordpress\/ -->\n<title>Certifications - Nova print<\/title>\n<meta name=\"robots\" content=\"index, follow, max-snippet:-1, max-image-preview:large, max-video-preview:-1\" \/>\n<link rel=\"canonical\" href=\"https:\/\/www.novaprint.tn\/en\/certifications\/\" \/>\n<meta property=\"og:locale\" content=\"en_GB\" \/>\n<meta property=\"og:type\" content=\"article\" \/>\n<meta property=\"og:title\" content=\"Certifications - Nova print\" \/>\n<meta property=\"og:url\" content=\"https:\/\/www.novaprint.tn\/en\/certifications\/\" \/>\n<meta property=\"og:site_name\" content=\"Nova print\" \/>\n<meta property=\"article:modified_time\" content=\"2025-02-12T16:58:56+00:00\" \/>\n<meta name=\"twitter:card\" content=\"summary_large_image\" \/>\n<meta name=\"twitter:label1\" content=\"Estimated reading time\" \/>\n\t<meta name=\"twitter:data1\" content=\"3 minutes\" \/>\n<script type=\"application\/ld+json\" class=\"yoast-schema-graph\">{\"@context\":\"https:\\\/\\\/schema.org\",\"@graph\":[{\"@type\":\"WebPage\",\"@id\":\"https:\\\/\\\/www.novaprint.tn\\\/certifications\\\/\",\"url\":\"https:\\\/\\\/www.novaprint.tn\\\/certifications\\\/\",\"name\":\"Certifications - Nova print\",\"isPartOf\":{\"@id\":\"https:\\\/\\\/www.novaprint.tn\\\/#website\"},\"datePublished\":\"2025-02-12T16:25:23+00:00\",\"dateModified\":\"2025-02-12T16:58:56+00:00\",\"breadcrumb\":{\"@id\":\"https:\\\/\\\/www.novaprint.tn\\\/certifications\\\/#breadcrumb\"},\"inLanguage\":\"en-GB\",\"potentialAction\":[{\"@type\":\"ReadAction\",\"target\":[\"https:\\\/\\\/www.novaprint.tn\\\/certifications\\\/\"]}]},{\"@type\":\"BreadcrumbList\",\"@id\":\"https:\\\/\\\/www.novaprint.tn\\\/certifications\\\/#breadcrumb\",\"itemListElement\":[{\"@type\":\"ListItem\",\"position\":1,\"name\":\"Accueil\",\"item\":\"https:\\\/\\\/www.novaprint.tn\\\/\"},{\"@type\":\"ListItem\",\"position\":2,\"name\":\"Certifications\"}]},{\"@type\":\"WebSite\",\"@id\":\"https:\\\/\\\/www.novaprint.tn\\\/#website\",\"url\":\"https:\\\/\\\/www.novaprint.tn\\\/\",\"name\":\"Nova print\",\"description\":\"\",\"publisher\":{\"@id\":\"https:\\\/\\\/www.novaprint.tn\\\/#organization\"},\"potentialAction\":[{\"@type\":\"SearchAction\",\"target\":{\"@type\":\"EntryPoint\",\"urlTemplate\":\"https:\\\/\\\/www.novaprint.tn\\\/?s={search_term_string}\"},\"query-input\":{\"@type\":\"PropertyValueSpecification\",\"valueRequired\":true,\"valueName\":\"search_term_string\"}}],\"inLanguage\":\"en-GB\"},{\"@type\":\"Organization\",\"@id\":\"https:\\\/\\\/www.novaprint.tn\\\/#organization\",\"name\":\"Nova print\",\"url\":\"https:\\\/\\\/www.novaprint.tn\\\/\",\"logo\":{\"@type\":\"ImageObject\",\"inLanguage\":\"en-GB\",\"@id\":\"https:\\\/\\\/www.novaprint.tn\\\/#\\\/schema\\\/logo\\\/image\\\/\",\"url\":\"https:\\\/\\\/www.novaprint.tn\\\/wp-content\\\/uploads\\\/2024\\\/07\\\/logo-footer.png\",\"contentUrl\":\"https:\\\/\\\/www.novaprint.tn\\\/wp-content\\\/uploads\\\/2024\\\/07\\\/logo-footer.png\",\"width\":139,\"height\":122,\"caption\":\"Nova print\"},\"image\":{\"@id\":\"https:\\\/\\\/www.novaprint.tn\\\/#\\\/schema\\\/logo\\\/image\\\/\"}}]}<\/script>\n<!-- \/ Yoast SEO plugin. -->","yoast_head_json":{"title":"Certifications - Nova print","robots":{"index":"index","follow":"follow","max-snippet":"max-snippet:-1","max-image-preview":"max-image-preview:large","max-video-preview":"max-video-preview:-1"},"canonical":"https:\/\/www.novaprint.tn\/en\/certifications\/","og_locale":"en_GB","og_type":"article","og_title":"Certifications - Nova print","og_url":"https:\/\/www.novaprint.tn\/en\/certifications\/","og_site_name":"Nova print","article_modified_time":"2025-02-12T16:58:56+00:00","twitter_card":"summary_large_image","twitter_misc":{"Estimated reading time":"3 minutes"},"schema":{"@context":"https:\/\/schema.org","@graph":[{"@type":"WebPage","@id":"https:\/\/www.novaprint.tn\/certifications\/","url":"https:\/\/www.novaprint.tn\/certifications\/","name":"Certifications - Nova print","isPartOf":{"@id":"https:\/\/www.novaprint.tn\/#website"},"datePublished":"2025-02-12T16:25:23+00:00","dateModified":"2025-02-12T16:58:56+00:00","breadcrumb":{"@id":"https:\/\/www.novaprint.tn\/certifications\/#breadcrumb"},"inLanguage":"en-GB","potentialAction":[{"@type":"ReadAction","target":["https:\/\/www.novaprint.tn\/certifications\/"]}]},{"@type":"BreadcrumbList","@id":"https:\/\/www.novaprint.tn\/certifications\/#breadcrumb","itemListElement":[{"@type":"ListItem","position":1,"name":"Accueil","item":"https:\/\/www.novaprint.tn\/"},{"@type":"ListItem","position":2,"name":"Certifications"}]},{"@type":"WebSite","@id":"https:\/\/www.novaprint.tn\/#website","url":"https:\/\/www.novaprint.tn\/","name":"Nova print","description":"","publisher":{"@id":"https:\/\/www.novaprint.tn\/#organization"},"potentialAction":[{"@type":"SearchAction","target":{"@type":"EntryPoint","urlTemplate":"https:\/\/www.novaprint.tn\/?s={search_term_string}"},"query-input":{"@type":"PropertyValueSpecification","valueRequired":true,"valueName":"search_term_string"}}],"inLanguage":"en-GB"},{"@type":"Organization","@id":"https:\/\/www.novaprint.tn\/#organization","name":"Nova print","url":"https:\/\/www.novaprint.tn\/","logo":{"@type":"ImageObject","inLanguage":"en-GB","@id":"https:\/\/www.novaprint.tn\/#\/schema\/logo\/image\/","url":"https:\/\/www.novaprint.tn\/wp-content\/uploads\/2024\/07\/logo-footer.png","contentUrl":"https:\/\/www.novaprint.tn\/wp-content\/uploads\/2024\/07\/logo-footer.png","width":139,"height":122,"caption":"Nova print"},"image":{"@id":"https:\/\/www.novaprint.tn\/#\/schema\/logo\/image\/"}}]}},"jetpack_sharing_enabled":true,"_links":{"self":[{"href":"https:\/\/www.novaprint.tn\/en\/wp-json\/wp\/v2\/pages\/4844","targetHints":{"allow":["GET"]}}],"collection":[{"href":"https:\/\/www.novaprint.tn\/en\/wp-json\/wp\/v2\/pages"}],"about":[{"href":"https:\/\/www.novaprint.tn\/en\/wp-json\/wp\/v2\/types\/page"}],"author":[{"embeddable":true,"href":"https:\/\/www.novaprint.tn\/en\/wp-json\/wp\/v2\/users\/1"}],"replies":[{"embeddable":true,"href":"https:\/\/www.novaprint.tn\/en\/wp-json\/wp\/v2\/comments?post=4844"}],"version-history":[{"count":0,"href":"https:\/\/www.novaprint.tn\/en\/wp-json\/wp\/v2\/pages\/4844\/revisions"}],"wp:attachment":[{"href":"https:\/\/www.novaprint.tn\/en\/wp-json\/wp\/v2\/media?parent=4844"}],"curies":[{"name":"wp","href":"https:\/\/api.w.org\/{rel}","templated":true}]}}