{"id":2667,"date":"2024-10-01T18:18:45","date_gmt":"2024-10-01T16:18:45","guid":{"rendered":"https:\/\/www.novaprint.tn\/?post_type=product&#038;p=2667"},"modified":"2025-02-12T13:01:00","modified_gmt":"2025-02-12T12:01:00","slug":"alimentaire","status":"publish","type":"product","link":"https:\/\/www.novaprint.tn\/en\/product\/alimentaire\/","title":{"rendered":"Food packaging"},"content":{"rendered":"","protected":false},"excerpt":{"rendered":"<p>Nos solutions d&#8217;emballage alimentaire sont sp\u00e9cialement con\u00e7ues pour garantir la fra\u00eecheur, la s\u00e9curit\u00e9 et la pr\u00e9sentation optimale de vos produits. Chez NOVA PRINT &amp; PACKAGING nous proposons des emballages personnalisables de haute qualit\u00e9, r\u00e9pondant aux normes internationales en mati\u00e8re de s\u00e9curit\u00e9 des denr\u00e9es alimentaires. Nos emballages offrent durabilit\u00e9 et respect de l&#8217;environnement, tout en \u00e9tant conformes aux r\u00e9glementations alimentaires. Gr\u00e2ce \u00e0 notre expertise, nous vous aidons \u00e0 valoriser vos produits avec des solutions innovantes et esth\u00e9tiques, toujours certifi\u00e9es pour garantir s\u00e9curit\u00e9 et hygi\u00e8ne.<\/p>","protected":false},"featured_media":2700,"template":"","meta":{"_acf_changed":false},"product_brand":[],"product_cat":[54],"product_tag":[],"class_list":{"0":"post-2667","1":"product","2":"type-product","3":"status-publish","4":"has-post-thumbnail","6":"product_cat-packaging","7":"clearfix","9":"first","10":"instock","11":"shipping-taxable","12":"product-type-simple"},"acf":[],"yoast_head":"<!-- This site is optimized with the Yoast SEO plugin v27.4 - https:\/\/yoast.com\/product\/yoast-seo-wordpress\/ -->\n<title>Emballage alimentaire - Nova print<\/title>\n<meta name=\"robots\" content=\"index, follow, max-snippet:-1, max-image-preview:large, max-video-preview:-1\" \/>\n<link rel=\"canonical\" href=\"https:\/\/www.novaprint.tn\/en\/product\/alimentaire\/\" \/>\n<meta property=\"og:locale\" content=\"en_GB\" \/>\n<meta property=\"og:type\" content=\"article\" \/>\n<meta property=\"og:title\" content=\"Emballage alimentaire - Nova print\" \/>\n<meta property=\"og:description\" content=\"Nos solutions d&#039;emballage alimentaire sont sp\u00e9cialement con\u00e7ues pour garantir la fra\u00eecheur, la s\u00e9curit\u00e9 et la pr\u00e9sentation optimale de vos produits. Chez NOVA PRINT &amp; PACKAGING nous proposons des emballages personnalisables de haute qualit\u00e9, r\u00e9pondant aux normes internationales en mati\u00e8re de s\u00e9curit\u00e9 des denr\u00e9es alimentaires. Nos emballages offrent durabilit\u00e9 et respect de l&#039;environnement, tout en \u00e9tant conformes aux r\u00e9glementations alimentaires. Gr\u00e2ce \u00e0 notre expertise, nous vous aidons \u00e0 valoriser vos produits avec des solutions innovantes et esth\u00e9tiques, toujours certifi\u00e9es pour garantir s\u00e9curit\u00e9 et hygi\u00e8ne.\" \/>\n<meta property=\"og:url\" content=\"https:\/\/www.novaprint.tn\/en\/product\/alimentaire\/\" \/>\n<meta property=\"og:site_name\" content=\"Nova print\" \/>\n<meta property=\"article:modified_time\" content=\"2025-02-12T12:01:00+00:00\" \/>\n<meta property=\"og:image\" content=\"https:\/\/www.novaprint.tn\/wp-content\/uploads\/2024\/10\/pop-corn.jpg\" \/>\n\t<meta property=\"og:image:width\" content=\"800\" \/>\n\t<meta property=\"og:image:height\" content=\"800\" \/>\n\t<meta property=\"og:image:type\" content=\"image\/jpeg\" \/>\n<meta name=\"twitter:card\" content=\"summary_large_image\" \/>\n<script type=\"application\/ld+json\" class=\"yoast-schema-graph\">{\"@context\":\"https:\\\/\\\/schema.org\",\"@graph\":[{\"@type\":\"WebPage\",\"@id\":\"https:\\\/\\\/www.novaprint.tn\\\/product\\\/alimentaire\\\/\",\"url\":\"https:\\\/\\\/www.novaprint.tn\\\/product\\\/alimentaire\\\/\",\"name\":\"Emballage alimentaire - Nova print\",\"isPartOf\":{\"@id\":\"https:\\\/\\\/www.novaprint.tn\\\/#website\"},\"primaryImageOfPage\":{\"@id\":\"https:\\\/\\\/www.novaprint.tn\\\/product\\\/alimentaire\\\/#primaryimage\"},\"image\":{\"@id\":\"https:\\\/\\\/www.novaprint.tn\\\/product\\\/alimentaire\\\/#primaryimage\"},\"thumbnailUrl\":\"https:\\\/\\\/www.novaprint.tn\\\/wp-content\\\/uploads\\\/2024\\\/10\\\/pop-corn.jpg\",\"datePublished\":\"2024-10-01T16:18:45+00:00\",\"dateModified\":\"2025-02-12T12:01:00+00:00\",\"breadcrumb\":{\"@id\":\"https:\\\/\\\/www.novaprint.tn\\\/product\\\/alimentaire\\\/#breadcrumb\"},\"inLanguage\":\"en-GB\",\"potentialAction\":[{\"@type\":\"ReadAction\",\"target\":[\"https:\\\/\\\/www.novaprint.tn\\\/product\\\/alimentaire\\\/\"]}]},{\"@type\":\"ImageObject\",\"inLanguage\":\"en-GB\",\"@id\":\"https:\\\/\\\/www.novaprint.tn\\\/product\\\/alimentaire\\\/#primaryimage\",\"url\":\"https:\\\/\\\/www.novaprint.tn\\\/wp-content\\\/uploads\\\/2024\\\/10\\\/pop-corn.jpg\",\"contentUrl\":\"https:\\\/\\\/www.novaprint.tn\\\/wp-content\\\/uploads\\\/2024\\\/10\\\/pop-corn.jpg\",\"width\":800,\"height\":800,\"caption\":\"pop-corn\"},{\"@type\":\"BreadcrumbList\",\"@id\":\"https:\\\/\\\/www.novaprint.tn\\\/product\\\/alimentaire\\\/#breadcrumb\",\"itemListElement\":[{\"@type\":\"ListItem\",\"position\":1,\"name\":\"Accueil\",\"item\":\"https:\\\/\\\/www.novaprint.tn\\\/\"},{\"@type\":\"ListItem\",\"position\":2,\"name\":\"Products\",\"item\":\"https:\\\/\\\/www.novaprint.tn\\\/shop\\\/\"},{\"@type\":\"ListItem\",\"position\":3,\"name\":\"Emballage alimentaire\"}]},{\"@type\":\"WebSite\",\"@id\":\"https:\\\/\\\/www.novaprint.tn\\\/#website\",\"url\":\"https:\\\/\\\/www.novaprint.tn\\\/\",\"name\":\"Nova print\",\"description\":\"\",\"publisher\":{\"@id\":\"https:\\\/\\\/www.novaprint.tn\\\/#organization\"},\"potentialAction\":[{\"@type\":\"SearchAction\",\"target\":{\"@type\":\"EntryPoint\",\"urlTemplate\":\"https:\\\/\\\/www.novaprint.tn\\\/?s={search_term_string}\"},\"query-input\":{\"@type\":\"PropertyValueSpecification\",\"valueRequired\":true,\"valueName\":\"search_term_string\"}}],\"inLanguage\":\"en-GB\"},{\"@type\":\"Organization\",\"@id\":\"https:\\\/\\\/www.novaprint.tn\\\/#organization\",\"name\":\"Nova print\",\"url\":\"https:\\\/\\\/www.novaprint.tn\\\/\",\"logo\":{\"@type\":\"ImageObject\",\"inLanguage\":\"en-GB\",\"@id\":\"https:\\\/\\\/www.novaprint.tn\\\/#\\\/schema\\\/logo\\\/image\\\/\",\"url\":\"https:\\\/\\\/www.novaprint.tn\\\/wp-content\\\/uploads\\\/2024\\\/07\\\/logo-footer.png\",\"contentUrl\":\"https:\\\/\\\/www.novaprint.tn\\\/wp-content\\\/uploads\\\/2024\\\/07\\\/logo-footer.png\",\"width\":139,\"height\":122,\"caption\":\"Nova print\"},\"image\":{\"@id\":\"https:\\\/\\\/www.novaprint.tn\\\/#\\\/schema\\\/logo\\\/image\\\/\"}}]}<\/script>\n<!-- \/ Yoast SEO plugin. -->","yoast_head_json":{"title":"Emballage alimentaire - Nova print","robots":{"index":"index","follow":"follow","max-snippet":"max-snippet:-1","max-image-preview":"max-image-preview:large","max-video-preview":"max-video-preview:-1"},"canonical":"https:\/\/www.novaprint.tn\/en\/product\/alimentaire\/","og_locale":"en_GB","og_type":"article","og_title":"Emballage alimentaire - Nova print","og_description":"Nos solutions d'emballage alimentaire sont sp\u00e9cialement con\u00e7ues pour garantir la fra\u00eecheur, la s\u00e9curit\u00e9 et la pr\u00e9sentation optimale de vos produits. Chez NOVA PRINT &amp; PACKAGING nous proposons des emballages personnalisables de haute qualit\u00e9, r\u00e9pondant aux normes internationales en mati\u00e8re de s\u00e9curit\u00e9 des denr\u00e9es alimentaires. Nos emballages offrent durabilit\u00e9 et respect de l'environnement, tout en \u00e9tant conformes aux r\u00e9glementations alimentaires. Gr\u00e2ce \u00e0 notre expertise, nous vous aidons \u00e0 valoriser vos produits avec des solutions innovantes et esth\u00e9tiques, toujours certifi\u00e9es pour garantir s\u00e9curit\u00e9 et hygi\u00e8ne.","og_url":"https:\/\/www.novaprint.tn\/en\/product\/alimentaire\/","og_site_name":"Nova print","article_modified_time":"2025-02-12T12:01:00+00:00","og_image":[{"width":800,"height":800,"url":"https:\/\/www.novaprint.tn\/wp-content\/uploads\/2024\/10\/pop-corn.jpg","type":"image\/jpeg"}],"twitter_card":"summary_large_image","schema":{"@context":"https:\/\/schema.org","@graph":[{"@type":"WebPage","@id":"https:\/\/www.novaprint.tn\/product\/alimentaire\/","url":"https:\/\/www.novaprint.tn\/product\/alimentaire\/","name":"Emballage alimentaire - Nova print","isPartOf":{"@id":"https:\/\/www.novaprint.tn\/#website"},"primaryImageOfPage":{"@id":"https:\/\/www.novaprint.tn\/product\/alimentaire\/#primaryimage"},"image":{"@id":"https:\/\/www.novaprint.tn\/product\/alimentaire\/#primaryimage"},"thumbnailUrl":"https:\/\/www.novaprint.tn\/wp-content\/uploads\/2024\/10\/pop-corn.jpg","datePublished":"2024-10-01T16:18:45+00:00","dateModified":"2025-02-12T12:01:00+00:00","breadcrumb":{"@id":"https:\/\/www.novaprint.tn\/product\/alimentaire\/#breadcrumb"},"inLanguage":"en-GB","potentialAction":[{"@type":"ReadAction","target":["https:\/\/www.novaprint.tn\/product\/alimentaire\/"]}]},{"@type":"ImageObject","inLanguage":"en-GB","@id":"https:\/\/www.novaprint.tn\/product\/alimentaire\/#primaryimage","url":"https:\/\/www.novaprint.tn\/wp-content\/uploads\/2024\/10\/pop-corn.jpg","contentUrl":"https:\/\/www.novaprint.tn\/wp-content\/uploads\/2024\/10\/pop-corn.jpg","width":800,"height":800,"caption":"pop-corn"},{"@type":"BreadcrumbList","@id":"https:\/\/www.novaprint.tn\/product\/alimentaire\/#breadcrumb","itemListElement":[{"@type":"ListItem","position":1,"name":"Accueil","item":"https:\/\/www.novaprint.tn\/"},{"@type":"ListItem","position":2,"name":"Products","item":"https:\/\/www.novaprint.tn\/shop\/"},{"@type":"ListItem","position":3,"name":"Emballage alimentaire"}]},{"@type":"WebSite","@id":"https:\/\/www.novaprint.tn\/#website","url":"https:\/\/www.novaprint.tn\/","name":"Nova print","description":"","publisher":{"@id":"https:\/\/www.novaprint.tn\/#organization"},"potentialAction":[{"@type":"SearchAction","target":{"@type":"EntryPoint","urlTemplate":"https:\/\/www.novaprint.tn\/?s={search_term_string}"},"query-input":{"@type":"PropertyValueSpecification","valueRequired":true,"valueName":"search_term_string"}}],"inLanguage":"en-GB"},{"@type":"Organization","@id":"https:\/\/www.novaprint.tn\/#organization","name":"Nova print","url":"https:\/\/www.novaprint.tn\/","logo":{"@type":"ImageObject","inLanguage":"en-GB","@id":"https:\/\/www.novaprint.tn\/#\/schema\/logo\/image\/","url":"https:\/\/www.novaprint.tn\/wp-content\/uploads\/2024\/07\/logo-footer.png","contentUrl":"https:\/\/www.novaprint.tn\/wp-content\/uploads\/2024\/07\/logo-footer.png","width":139,"height":122,"caption":"Nova print"},"image":{"@id":"https:\/\/www.novaprint.tn\/#\/schema\/logo\/image\/"}}]}},"jetpack_sharing_enabled":true,"_links":{"self":[{"href":"https:\/\/www.novaprint.tn\/en\/wp-json\/wp\/v2\/product\/2667","targetHints":{"allow":["GET"]}}],"collection":[{"href":"https:\/\/www.novaprint.tn\/en\/wp-json\/wp\/v2\/product"}],"about":[{"href":"https:\/\/www.novaprint.tn\/en\/wp-json\/wp\/v2\/types\/product"}],"wp:featuredmedia":[{"embeddable":true,"href":"https:\/\/www.novaprint.tn\/en\/wp-json\/wp\/v2\/media\/2700"}],"wp:attachment":[{"href":"https:\/\/www.novaprint.tn\/en\/wp-json\/wp\/v2\/media?parent=2667"}],"wp:term":[{"taxonomy":"product_brand","embeddable":true,"href":"https:\/\/www.novaprint.tn\/en\/wp-json\/wp\/v2\/product_brand?post=2667"},{"taxonomy":"product_cat","embeddable":true,"href":"https:\/\/www.novaprint.tn\/en\/wp-json\/wp\/v2\/product_cat?post=2667"},{"taxonomy":"product_tag","embeddable":true,"href":"https:\/\/www.novaprint.tn\/en\/wp-json\/wp\/v2\/product_tag?post=2667"}],"curies":[{"name":"wp","href":"https:\/\/api.w.org\/{rel}","templated":true}]}}