{"id":2708,"date":"2024-10-15T15:42:45","date_gmt":"2024-10-15T13:42:45","guid":{"rendered":"https:\/\/www.novaprint.tn\/?post_type=product&#038;p=2708"},"modified":"2025-02-12T13:03:53","modified_gmt":"2025-02-12T12:03:53","slug":"cosmetique","status":"publish","type":"product","link":"https:\/\/www.novaprint.tn\/en\/product\/cosmetique\/","title":{"rendered":"Cosmetics packaging"},"content":{"rendered":"","protected":false},"excerpt":{"rendered":"<p>Chez NOVA PRINT &amp; PACKAGING, nous proposons des services d&#8217;impression et d&#8217;emballage sur mesure pour les produits cosm\u00e9tiques, garantissant \u00e0 la fois esth\u00e9tisme et conformit\u00e9. Nous utilisons des mat\u00e9riaux de haute qualit\u00e9 et des techniques d&#8217;impression avanc\u00e9es pour mettre en valeur vos produits. Notre expertise nous permet de cr\u00e9er des emballages attrayants qui refl\u00e8tent l&#8217;identit\u00e9 de votre marque tout en assurant la protection et la pr\u00e9sentation optimale de vos cosm\u00e9tiques. Avec un engagement envers la qualit\u00e9 et le respect des d\u00e9lais, nous sommes votre partenaire id\u00e9al pour un packaging de premier choix dans le secteur cosm\u00e9tique.<\/p>","protected":false},"featured_media":2709,"template":"","meta":{"_acf_changed":false},"product_brand":[],"product_cat":[54],"product_tag":[],"class_list":{"0":"post-2708","1":"product","2":"type-product","3":"status-publish","4":"has-post-thumbnail","6":"product_cat-packaging","7":"clearfix","9":"first","10":"instock","11":"shipping-taxable","12":"product-type-simple"},"acf":[],"yoast_head":"<!-- This site is optimized with the Yoast SEO plugin v27.4 - https:\/\/yoast.com\/product\/yoast-seo-wordpress\/ -->\n<title>Emballage Cosm\u00e9tique - Nova print<\/title>\n<meta name=\"robots\" content=\"index, follow, max-snippet:-1, max-image-preview:large, max-video-preview:-1\" \/>\n<link rel=\"canonical\" href=\"https:\/\/www.novaprint.tn\/en\/product\/cosmetique\/\" \/>\n<meta property=\"og:locale\" content=\"en_GB\" \/>\n<meta property=\"og:type\" content=\"article\" \/>\n<meta property=\"og:title\" content=\"Emballage Cosm\u00e9tique - Nova print\" \/>\n<meta property=\"og:description\" content=\"Chez NOVA PRINT &amp; PACKAGING, nous proposons des services d&#039;impression et d&#039;emballage sur mesure pour les produits cosm\u00e9tiques, garantissant \u00e0 la fois esth\u00e9tisme et conformit\u00e9. Nous utilisons des mat\u00e9riaux de haute qualit\u00e9 et des techniques d&#039;impression avanc\u00e9es pour mettre en valeur vos produits. Notre expertise nous permet de cr\u00e9er des emballages attrayants qui refl\u00e8tent l&#039;identit\u00e9 de votre marque tout en assurant la protection et la pr\u00e9sentation optimale de vos cosm\u00e9tiques. Avec un engagement envers la qualit\u00e9 et le respect des d\u00e9lais, nous sommes votre partenaire id\u00e9al pour un packaging de premier choix dans le secteur cosm\u00e9tique.\" \/>\n<meta property=\"og:url\" content=\"https:\/\/www.novaprint.tn\/en\/product\/cosmetique\/\" \/>\n<meta property=\"og:site_name\" content=\"Nova print\" \/>\n<meta property=\"article:modified_time\" content=\"2025-02-12T12:03:53+00:00\" \/>\n<meta property=\"og:image\" content=\"https:\/\/www.novaprint.tn\/wp-content\/uploads\/2024\/10\/Cosmetique-1.png\" \/>\n\t<meta property=\"og:image:width\" content=\"800\" \/>\n\t<meta property=\"og:image:height\" content=\"800\" \/>\n\t<meta property=\"og:image:type\" content=\"image\/png\" \/>\n<meta name=\"twitter:card\" content=\"summary_large_image\" \/>\n<script type=\"application\/ld+json\" class=\"yoast-schema-graph\">{\"@context\":\"https:\\\/\\\/schema.org\",\"@graph\":[{\"@type\":\"WebPage\",\"@id\":\"https:\\\/\\\/www.novaprint.tn\\\/product\\\/cosmetique\\\/\",\"url\":\"https:\\\/\\\/www.novaprint.tn\\\/product\\\/cosmetique\\\/\",\"name\":\"Emballage Cosm\u00e9tique - Nova print\",\"isPartOf\":{\"@id\":\"https:\\\/\\\/www.novaprint.tn\\\/#website\"},\"primaryImageOfPage\":{\"@id\":\"https:\\\/\\\/www.novaprint.tn\\\/product\\\/cosmetique\\\/#primaryimage\"},\"image\":{\"@id\":\"https:\\\/\\\/www.novaprint.tn\\\/product\\\/cosmetique\\\/#primaryimage\"},\"thumbnailUrl\":\"https:\\\/\\\/www.novaprint.tn\\\/wp-content\\\/uploads\\\/2024\\\/10\\\/Cosmetique-1.png\",\"datePublished\":\"2024-10-15T13:42:45+00:00\",\"dateModified\":\"2025-02-12T12:03:53+00:00\",\"breadcrumb\":{\"@id\":\"https:\\\/\\\/www.novaprint.tn\\\/product\\\/cosmetique\\\/#breadcrumb\"},\"inLanguage\":\"en-GB\",\"potentialAction\":[{\"@type\":\"ReadAction\",\"target\":[\"https:\\\/\\\/www.novaprint.tn\\\/product\\\/cosmetique\\\/\"]}]},{\"@type\":\"ImageObject\",\"inLanguage\":\"en-GB\",\"@id\":\"https:\\\/\\\/www.novaprint.tn\\\/product\\\/cosmetique\\\/#primaryimage\",\"url\":\"https:\\\/\\\/www.novaprint.tn\\\/wp-content\\\/uploads\\\/2024\\\/10\\\/Cosmetique-1.png\",\"contentUrl\":\"https:\\\/\\\/www.novaprint.tn\\\/wp-content\\\/uploads\\\/2024\\\/10\\\/Cosmetique-1.png\",\"width\":800,\"height\":800},{\"@type\":\"BreadcrumbList\",\"@id\":\"https:\\\/\\\/www.novaprint.tn\\\/product\\\/cosmetique\\\/#breadcrumb\",\"itemListElement\":[{\"@type\":\"ListItem\",\"position\":1,\"name\":\"Accueil\",\"item\":\"https:\\\/\\\/www.novaprint.tn\\\/\"},{\"@type\":\"ListItem\",\"position\":2,\"name\":\"Products\",\"item\":\"https:\\\/\\\/www.novaprint.tn\\\/shop\\\/\"},{\"@type\":\"ListItem\",\"position\":3,\"name\":\"Emballage Cosm\u00e9tique\"}]},{\"@type\":\"WebSite\",\"@id\":\"https:\\\/\\\/www.novaprint.tn\\\/#website\",\"url\":\"https:\\\/\\\/www.novaprint.tn\\\/\",\"name\":\"Nova print\",\"description\":\"\",\"publisher\":{\"@id\":\"https:\\\/\\\/www.novaprint.tn\\\/#organization\"},\"potentialAction\":[{\"@type\":\"SearchAction\",\"target\":{\"@type\":\"EntryPoint\",\"urlTemplate\":\"https:\\\/\\\/www.novaprint.tn\\\/?s={search_term_string}\"},\"query-input\":{\"@type\":\"PropertyValueSpecification\",\"valueRequired\":true,\"valueName\":\"search_term_string\"}}],\"inLanguage\":\"en-GB\"},{\"@type\":\"Organization\",\"@id\":\"https:\\\/\\\/www.novaprint.tn\\\/#organization\",\"name\":\"Nova print\",\"url\":\"https:\\\/\\\/www.novaprint.tn\\\/\",\"logo\":{\"@type\":\"ImageObject\",\"inLanguage\":\"en-GB\",\"@id\":\"https:\\\/\\\/www.novaprint.tn\\\/#\\\/schema\\\/logo\\\/image\\\/\",\"url\":\"https:\\\/\\\/www.novaprint.tn\\\/wp-content\\\/uploads\\\/2024\\\/07\\\/logo-footer.png\",\"contentUrl\":\"https:\\\/\\\/www.novaprint.tn\\\/wp-content\\\/uploads\\\/2024\\\/07\\\/logo-footer.png\",\"width\":139,\"height\":122,\"caption\":\"Nova print\"},\"image\":{\"@id\":\"https:\\\/\\\/www.novaprint.tn\\\/#\\\/schema\\\/logo\\\/image\\\/\"}}]}<\/script>\n<!-- \/ Yoast SEO plugin. -->","yoast_head_json":{"title":"Emballage Cosm\u00e9tique - Nova print","robots":{"index":"index","follow":"follow","max-snippet":"max-snippet:-1","max-image-preview":"max-image-preview:large","max-video-preview":"max-video-preview:-1"},"canonical":"https:\/\/www.novaprint.tn\/en\/product\/cosmetique\/","og_locale":"en_GB","og_type":"article","og_title":"Emballage Cosm\u00e9tique - Nova print","og_description":"Chez NOVA PRINT &amp; PACKAGING, nous proposons des services d'impression et d'emballage sur mesure pour les produits cosm\u00e9tiques, garantissant \u00e0 la fois esth\u00e9tisme et conformit\u00e9. Nous utilisons des mat\u00e9riaux de haute qualit\u00e9 et des techniques d'impression avanc\u00e9es pour mettre en valeur vos produits. Notre expertise nous permet de cr\u00e9er des emballages attrayants qui refl\u00e8tent l'identit\u00e9 de votre marque tout en assurant la protection et la pr\u00e9sentation optimale de vos cosm\u00e9tiques. Avec un engagement envers la qualit\u00e9 et le respect des d\u00e9lais, nous sommes votre partenaire id\u00e9al pour un packaging de premier choix dans le secteur cosm\u00e9tique.","og_url":"https:\/\/www.novaprint.tn\/en\/product\/cosmetique\/","og_site_name":"Nova print","article_modified_time":"2025-02-12T12:03:53+00:00","og_image":[{"width":800,"height":800,"url":"https:\/\/www.novaprint.tn\/wp-content\/uploads\/2024\/10\/Cosmetique-1.png","type":"image\/png"}],"twitter_card":"summary_large_image","schema":{"@context":"https:\/\/schema.org","@graph":[{"@type":"WebPage","@id":"https:\/\/www.novaprint.tn\/product\/cosmetique\/","url":"https:\/\/www.novaprint.tn\/product\/cosmetique\/","name":"Emballage Cosm\u00e9tique - Nova print","isPartOf":{"@id":"https:\/\/www.novaprint.tn\/#website"},"primaryImageOfPage":{"@id":"https:\/\/www.novaprint.tn\/product\/cosmetique\/#primaryimage"},"image":{"@id":"https:\/\/www.novaprint.tn\/product\/cosmetique\/#primaryimage"},"thumbnailUrl":"https:\/\/www.novaprint.tn\/wp-content\/uploads\/2024\/10\/Cosmetique-1.png","datePublished":"2024-10-15T13:42:45+00:00","dateModified":"2025-02-12T12:03:53+00:00","breadcrumb":{"@id":"https:\/\/www.novaprint.tn\/product\/cosmetique\/#breadcrumb"},"inLanguage":"en-GB","potentialAction":[{"@type":"ReadAction","target":["https:\/\/www.novaprint.tn\/product\/cosmetique\/"]}]},{"@type":"ImageObject","inLanguage":"en-GB","@id":"https:\/\/www.novaprint.tn\/product\/cosmetique\/#primaryimage","url":"https:\/\/www.novaprint.tn\/wp-content\/uploads\/2024\/10\/Cosmetique-1.png","contentUrl":"https:\/\/www.novaprint.tn\/wp-content\/uploads\/2024\/10\/Cosmetique-1.png","width":800,"height":800},{"@type":"BreadcrumbList","@id":"https:\/\/www.novaprint.tn\/product\/cosmetique\/#breadcrumb","itemListElement":[{"@type":"ListItem","position":1,"name":"Accueil","item":"https:\/\/www.novaprint.tn\/"},{"@type":"ListItem","position":2,"name":"Products","item":"https:\/\/www.novaprint.tn\/shop\/"},{"@type":"ListItem","position":3,"name":"Emballage Cosm\u00e9tique"}]},{"@type":"WebSite","@id":"https:\/\/www.novaprint.tn\/#website","url":"https:\/\/www.novaprint.tn\/","name":"Nova print","description":"","publisher":{"@id":"https:\/\/www.novaprint.tn\/#organization"},"potentialAction":[{"@type":"SearchAction","target":{"@type":"EntryPoint","urlTemplate":"https:\/\/www.novaprint.tn\/?s={search_term_string}"},"query-input":{"@type":"PropertyValueSpecification","valueRequired":true,"valueName":"search_term_string"}}],"inLanguage":"en-GB"},{"@type":"Organization","@id":"https:\/\/www.novaprint.tn\/#organization","name":"Nova print","url":"https:\/\/www.novaprint.tn\/","logo":{"@type":"ImageObject","inLanguage":"en-GB","@id":"https:\/\/www.novaprint.tn\/#\/schema\/logo\/image\/","url":"https:\/\/www.novaprint.tn\/wp-content\/uploads\/2024\/07\/logo-footer.png","contentUrl":"https:\/\/www.novaprint.tn\/wp-content\/uploads\/2024\/07\/logo-footer.png","width":139,"height":122,"caption":"Nova print"},"image":{"@id":"https:\/\/www.novaprint.tn\/#\/schema\/logo\/image\/"}}]}},"jetpack_sharing_enabled":true,"_links":{"self":[{"href":"https:\/\/www.novaprint.tn\/en\/wp-json\/wp\/v2\/product\/2708","targetHints":{"allow":["GET"]}}],"collection":[{"href":"https:\/\/www.novaprint.tn\/en\/wp-json\/wp\/v2\/product"}],"about":[{"href":"https:\/\/www.novaprint.tn\/en\/wp-json\/wp\/v2\/types\/product"}],"wp:featuredmedia":[{"embeddable":true,"href":"https:\/\/www.novaprint.tn\/en\/wp-json\/wp\/v2\/media\/2709"}],"wp:attachment":[{"href":"https:\/\/www.novaprint.tn\/en\/wp-json\/wp\/v2\/media?parent=2708"}],"wp:term":[{"taxonomy":"product_brand","embeddable":true,"href":"https:\/\/www.novaprint.tn\/en\/wp-json\/wp\/v2\/product_brand?post=2708"},{"taxonomy":"product_cat","embeddable":true,"href":"https:\/\/www.novaprint.tn\/en\/wp-json\/wp\/v2\/product_cat?post=2708"},{"taxonomy":"product_tag","embeddable":true,"href":"https:\/\/www.novaprint.tn\/en\/wp-json\/wp\/v2\/product_tag?post=2708"}],"curies":[{"name":"wp","href":"https:\/\/api.w.org\/{rel}","templated":true}]}}