{"id":2714,"date":"2024-10-17T11:02:07","date_gmt":"2024-10-17T09:02:07","guid":{"rendered":"https:\/\/www.novaprint.tn\/?post_type=product&#038;p=2714"},"modified":"2025-02-12T13:11:09","modified_gmt":"2025-02-12T12:11:09","slug":"articles-promotionnels","status":"publish","type":"product","link":"https:\/\/www.novaprint.tn\/en\/product\/articles-promotionnels\/","title":{"rendered":"Promotional articles"},"content":{"rendered":"","protected":false},"excerpt":{"rendered":"<p>NOVA PRINT &amp; PACKAGING offers a wide range of promotional items, including calendars, notebooks, and much more. Whether for promoting your brand or offering unique items, we create elegant and custom products that perfectly reflect your identity. With our modern equipment, we guarantee high-quality printing, meticulous finishes, and personalization according to your needs. Our gifts are ideal for professional events, marketing campaigns, or simply to bring joy, all while meeting the expected deadlines and quality standards.<\/p>","protected":false},"featured_media":2739,"template":"","meta":{"_acf_changed":false},"product_brand":[],"product_cat":[53],"product_tag":[],"class_list":{"0":"post-2714","1":"product","2":"type-product","3":"status-publish","4":"has-post-thumbnail","6":"product_cat-print","7":"clearfix","9":"first","10":"instock","11":"shipping-taxable","12":"product-type-simple"},"acf":[],"yoast_head":"<!-- This site is optimized with the Yoast SEO plugin v27.4 - https:\/\/yoast.com\/product\/yoast-seo-wordpress\/ -->\n<title>Articles promotionnels - Nova print<\/title>\n<meta name=\"robots\" content=\"index, follow, max-snippet:-1, max-image-preview:large, max-video-preview:-1\" \/>\n<link rel=\"canonical\" href=\"https:\/\/www.novaprint.tn\/en\/product\/articles-promotionnels\/\" \/>\n<meta property=\"og:locale\" content=\"en_GB\" \/>\n<meta property=\"og:type\" content=\"article\" \/>\n<meta property=\"og:title\" content=\"Articles promotionnels - Nova print\" \/>\n<meta property=\"og:description\" content=\"NOVA PRINT &amp; PACKAGING vous propose une large gamme d\u2019articles promotionnels, incluant des calendriers, carnets et bien plus encore. Que ce soit pour promouvoir votre marque ou offrir des articles uniques, nous cr\u00e9ons des produits \u00e9l\u00e9gants et sur mesure qui refl\u00e8tent parfaitement votre identit\u00e9. Gr\u00e2ce \u00e0 nos \u00e9quipements modernes, nous garantissons une impression de haute qualit\u00e9, des finitions soign\u00e9es, et une personnalisation selon vos besoins. Nos cadeaux sont id\u00e9als pour des \u00e9v\u00e9nements professionnels, des campagnes marketing ou simplement pour faire plaisir, tout en respectant les d\u00e9lais et la qualit\u00e9 attendus.\" \/>\n<meta property=\"og:url\" content=\"https:\/\/www.novaprint.tn\/en\/product\/articles-promotionnels\/\" \/>\n<meta property=\"og:site_name\" content=\"Nova print\" \/>\n<meta property=\"article:modified_time\" content=\"2025-02-12T12:11:09+00:00\" \/>\n<meta property=\"og:image\" content=\"https:\/\/www.novaprint.tn\/wp-content\/uploads\/2024\/10\/Cadeau-4.jpg\" \/>\n\t<meta property=\"og:image:width\" content=\"800\" \/>\n\t<meta property=\"og:image:height\" content=\"800\" \/>\n\t<meta property=\"og:image:type\" content=\"image\/jpeg\" \/>\n<meta name=\"twitter:card\" content=\"summary_large_image\" \/>\n<script type=\"application\/ld+json\" class=\"yoast-schema-graph\">{\"@context\":\"https:\\\/\\\/schema.org\",\"@graph\":[{\"@type\":\"WebPage\",\"@id\":\"https:\\\/\\\/www.novaprint.tn\\\/product\\\/articles-promotionnels\\\/\",\"url\":\"https:\\\/\\\/www.novaprint.tn\\\/product\\\/articles-promotionnels\\\/\",\"name\":\"Articles promotionnels - Nova print\",\"isPartOf\":{\"@id\":\"https:\\\/\\\/www.novaprint.tn\\\/#website\"},\"primaryImageOfPage\":{\"@id\":\"https:\\\/\\\/www.novaprint.tn\\\/product\\\/articles-promotionnels\\\/#primaryimage\"},\"image\":{\"@id\":\"https:\\\/\\\/www.novaprint.tn\\\/product\\\/articles-promotionnels\\\/#primaryimage\"},\"thumbnailUrl\":\"https:\\\/\\\/www.novaprint.tn\\\/wp-content\\\/uploads\\\/2024\\\/10\\\/Cadeau-4.jpg\",\"datePublished\":\"2024-10-17T09:02:07+00:00\",\"dateModified\":\"2025-02-12T12:11:09+00:00\",\"breadcrumb\":{\"@id\":\"https:\\\/\\\/www.novaprint.tn\\\/product\\\/articles-promotionnels\\\/#breadcrumb\"},\"inLanguage\":\"en-GB\",\"potentialAction\":[{\"@type\":\"ReadAction\",\"target\":[\"https:\\\/\\\/www.novaprint.tn\\\/product\\\/articles-promotionnels\\\/\"]}]},{\"@type\":\"ImageObject\",\"inLanguage\":\"en-GB\",\"@id\":\"https:\\\/\\\/www.novaprint.tn\\\/product\\\/articles-promotionnels\\\/#primaryimage\",\"url\":\"https:\\\/\\\/www.novaprint.tn\\\/wp-content\\\/uploads\\\/2024\\\/10\\\/Cadeau-4.jpg\",\"contentUrl\":\"https:\\\/\\\/www.novaprint.tn\\\/wp-content\\\/uploads\\\/2024\\\/10\\\/Cadeau-4.jpg\",\"width\":800,\"height\":800,\"caption\":\"Cadeau-4\"},{\"@type\":\"BreadcrumbList\",\"@id\":\"https:\\\/\\\/www.novaprint.tn\\\/product\\\/articles-promotionnels\\\/#breadcrumb\",\"itemListElement\":[{\"@type\":\"ListItem\",\"position\":1,\"name\":\"Accueil\",\"item\":\"https:\\\/\\\/www.novaprint.tn\\\/\"},{\"@type\":\"ListItem\",\"position\":2,\"name\":\"Products\",\"item\":\"https:\\\/\\\/www.novaprint.tn\\\/shop\\\/\"},{\"@type\":\"ListItem\",\"position\":3,\"name\":\"Articles promotionnels\"}]},{\"@type\":\"WebSite\",\"@id\":\"https:\\\/\\\/www.novaprint.tn\\\/#website\",\"url\":\"https:\\\/\\\/www.novaprint.tn\\\/\",\"name\":\"Nova print\",\"description\":\"\",\"publisher\":{\"@id\":\"https:\\\/\\\/www.novaprint.tn\\\/#organization\"},\"potentialAction\":[{\"@type\":\"SearchAction\",\"target\":{\"@type\":\"EntryPoint\",\"urlTemplate\":\"https:\\\/\\\/www.novaprint.tn\\\/?s={search_term_string}\"},\"query-input\":{\"@type\":\"PropertyValueSpecification\",\"valueRequired\":true,\"valueName\":\"search_term_string\"}}],\"inLanguage\":\"en-GB\"},{\"@type\":\"Organization\",\"@id\":\"https:\\\/\\\/www.novaprint.tn\\\/#organization\",\"name\":\"Nova print\",\"url\":\"https:\\\/\\\/www.novaprint.tn\\\/\",\"logo\":{\"@type\":\"ImageObject\",\"inLanguage\":\"en-GB\",\"@id\":\"https:\\\/\\\/www.novaprint.tn\\\/#\\\/schema\\\/logo\\\/image\\\/\",\"url\":\"https:\\\/\\\/www.novaprint.tn\\\/wp-content\\\/uploads\\\/2024\\\/07\\\/logo-footer.png\",\"contentUrl\":\"https:\\\/\\\/www.novaprint.tn\\\/wp-content\\\/uploads\\\/2024\\\/07\\\/logo-footer.png\",\"width\":139,\"height\":122,\"caption\":\"Nova print\"},\"image\":{\"@id\":\"https:\\\/\\\/www.novaprint.tn\\\/#\\\/schema\\\/logo\\\/image\\\/\"}}]}<\/script>\n<!-- \/ Yoast SEO plugin. -->","yoast_head_json":{"title":"Articles promotionnels - Nova print","robots":{"index":"index","follow":"follow","max-snippet":"max-snippet:-1","max-image-preview":"max-image-preview:large","max-video-preview":"max-video-preview:-1"},"canonical":"https:\/\/www.novaprint.tn\/en\/product\/articles-promotionnels\/","og_locale":"en_GB","og_type":"article","og_title":"Articles promotionnels - Nova print","og_description":"NOVA PRINT &amp; PACKAGING vous propose une large gamme d\u2019articles promotionnels, incluant des calendriers, carnets et bien plus encore. Que ce soit pour promouvoir votre marque ou offrir des articles uniques, nous cr\u00e9ons des produits \u00e9l\u00e9gants et sur mesure qui refl\u00e8tent parfaitement votre identit\u00e9. Gr\u00e2ce \u00e0 nos \u00e9quipements modernes, nous garantissons une impression de haute qualit\u00e9, des finitions soign\u00e9es, et une personnalisation selon vos besoins. Nos cadeaux sont id\u00e9als pour des \u00e9v\u00e9nements professionnels, des campagnes marketing ou simplement pour faire plaisir, tout en respectant les d\u00e9lais et la qualit\u00e9 attendus.","og_url":"https:\/\/www.novaprint.tn\/en\/product\/articles-promotionnels\/","og_site_name":"Nova print","article_modified_time":"2025-02-12T12:11:09+00:00","og_image":[{"width":800,"height":800,"url":"https:\/\/www.novaprint.tn\/wp-content\/uploads\/2024\/10\/Cadeau-4.jpg","type":"image\/jpeg"}],"twitter_card":"summary_large_image","schema":{"@context":"https:\/\/schema.org","@graph":[{"@type":"WebPage","@id":"https:\/\/www.novaprint.tn\/product\/articles-promotionnels\/","url":"https:\/\/www.novaprint.tn\/product\/articles-promotionnels\/","name":"Articles promotionnels - Nova print","isPartOf":{"@id":"https:\/\/www.novaprint.tn\/#website"},"primaryImageOfPage":{"@id":"https:\/\/www.novaprint.tn\/product\/articles-promotionnels\/#primaryimage"},"image":{"@id":"https:\/\/www.novaprint.tn\/product\/articles-promotionnels\/#primaryimage"},"thumbnailUrl":"https:\/\/www.novaprint.tn\/wp-content\/uploads\/2024\/10\/Cadeau-4.jpg","datePublished":"2024-10-17T09:02:07+00:00","dateModified":"2025-02-12T12:11:09+00:00","breadcrumb":{"@id":"https:\/\/www.novaprint.tn\/product\/articles-promotionnels\/#breadcrumb"},"inLanguage":"en-GB","potentialAction":[{"@type":"ReadAction","target":["https:\/\/www.novaprint.tn\/product\/articles-promotionnels\/"]}]},{"@type":"ImageObject","inLanguage":"en-GB","@id":"https:\/\/www.novaprint.tn\/product\/articles-promotionnels\/#primaryimage","url":"https:\/\/www.novaprint.tn\/wp-content\/uploads\/2024\/10\/Cadeau-4.jpg","contentUrl":"https:\/\/www.novaprint.tn\/wp-content\/uploads\/2024\/10\/Cadeau-4.jpg","width":800,"height":800,"caption":"Cadeau-4"},{"@type":"BreadcrumbList","@id":"https:\/\/www.novaprint.tn\/product\/articles-promotionnels\/#breadcrumb","itemListElement":[{"@type":"ListItem","position":1,"name":"Accueil","item":"https:\/\/www.novaprint.tn\/"},{"@type":"ListItem","position":2,"name":"Products","item":"https:\/\/www.novaprint.tn\/shop\/"},{"@type":"ListItem","position":3,"name":"Articles promotionnels"}]},{"@type":"WebSite","@id":"https:\/\/www.novaprint.tn\/#website","url":"https:\/\/www.novaprint.tn\/","name":"Nova print","description":"","publisher":{"@id":"https:\/\/www.novaprint.tn\/#organization"},"potentialAction":[{"@type":"SearchAction","target":{"@type":"EntryPoint","urlTemplate":"https:\/\/www.novaprint.tn\/?s={search_term_string}"},"query-input":{"@type":"PropertyValueSpecification","valueRequired":true,"valueName":"search_term_string"}}],"inLanguage":"en-GB"},{"@type":"Organization","@id":"https:\/\/www.novaprint.tn\/#organization","name":"Nova print","url":"https:\/\/www.novaprint.tn\/","logo":{"@type":"ImageObject","inLanguage":"en-GB","@id":"https:\/\/www.novaprint.tn\/#\/schema\/logo\/image\/","url":"https:\/\/www.novaprint.tn\/wp-content\/uploads\/2024\/07\/logo-footer.png","contentUrl":"https:\/\/www.novaprint.tn\/wp-content\/uploads\/2024\/07\/logo-footer.png","width":139,"height":122,"caption":"Nova print"},"image":{"@id":"https:\/\/www.novaprint.tn\/#\/schema\/logo\/image\/"}}]}},"jetpack_sharing_enabled":true,"_links":{"self":[{"href":"https:\/\/www.novaprint.tn\/en\/wp-json\/wp\/v2\/product\/2714","targetHints":{"allow":["GET"]}}],"collection":[{"href":"https:\/\/www.novaprint.tn\/en\/wp-json\/wp\/v2\/product"}],"about":[{"href":"https:\/\/www.novaprint.tn\/en\/wp-json\/wp\/v2\/types\/product"}],"wp:featuredmedia":[{"embeddable":true,"href":"https:\/\/www.novaprint.tn\/en\/wp-json\/wp\/v2\/media\/2739"}],"wp:attachment":[{"href":"https:\/\/www.novaprint.tn\/en\/wp-json\/wp\/v2\/media?parent=2714"}],"wp:term":[{"taxonomy":"product_brand","embeddable":true,"href":"https:\/\/www.novaprint.tn\/en\/wp-json\/wp\/v2\/product_brand?post=2714"},{"taxonomy":"product_cat","embeddable":true,"href":"https:\/\/www.novaprint.tn\/en\/wp-json\/wp\/v2\/product_cat?post=2714"},{"taxonomy":"product_tag","embeddable":true,"href":"https:\/\/www.novaprint.tn\/en\/wp-json\/wp\/v2\/product_tag?post=2714"}],"curies":[{"name":"wp","href":"https:\/\/api.w.org\/{rel}","templated":true}]}}