{"id":2726,"date":"2024-10-17T10:53:39","date_gmt":"2024-10-17T08:53:39","guid":{"rendered":"https:\/\/www.novaprint.tn\/?post_type=product&#038;p=2726"},"modified":"2025-02-12T13:14:20","modified_gmt":"2025-02-12T12:14:20","slug":"livre","status":"publish","type":"product","link":"https:\/\/www.novaprint.tn\/en\/product\/livre\/","title":{"rendered":"Book"},"content":{"rendered":"","protected":false},"excerpt":{"rendered":"<p>Chez NOVA PRINT &amp; PACKAGING, nous proposons des services d&#8217;impression de livres alliant qualit\u00e9 et pr\u00e9cision. Que vous ayez besoin d&#8217;imprimer des romans, des ouvrages techniques ou tout autre type de publication, nous garantissons un rendu impeccable gr\u00e2ce \u00e0 nos \u00e9quipements de pointe.<br \/>\nOur binding solutions offer a variety of options, tailored to your needs:<br \/>\n<strong>Metal staple binding<\/strong> : the classic and popular solution.<br \/>\n<strong>La reliure dos carr\u00e9 coll\u00e9<\/strong> : esth\u00e9tique et professionnelle.<br \/>\n<strong>Perfect binding<\/strong> : practical and functional.<br \/>\n<strong>Sewn binding<\/strong> : robust and durable.<br \/>\nAnd much more!<br \/>\nWith a strong commitment to quality, we support you in creating professional, elegant, and durable books.<\/p>","protected":false},"featured_media":3083,"template":"","meta":{"_acf_changed":false},"product_brand":[],"product_cat":[53],"product_tag":[],"class_list":{"0":"post-2726","1":"product","2":"type-product","3":"status-publish","4":"has-post-thumbnail","6":"product_cat-print","7":"clearfix","9":"first","10":"instock","11":"shipping-taxable","12":"product-type-simple"},"acf":[],"yoast_head":"<!-- This site is optimized with the Yoast SEO plugin v27.4 - https:\/\/yoast.com\/product\/yoast-seo-wordpress\/ -->\n<title>Livre - Nova print<\/title>\n<meta name=\"robots\" content=\"index, follow, max-snippet:-1, max-image-preview:large, max-video-preview:-1\" \/>\n<link rel=\"canonical\" href=\"https:\/\/www.novaprint.tn\/en\/product\/livre\/\" \/>\n<meta property=\"og:locale\" content=\"en_GB\" \/>\n<meta property=\"og:type\" content=\"article\" \/>\n<meta property=\"og:title\" content=\"Livre - Nova print\" \/>\n<meta property=\"og:description\" content=\"Chez NOVA PRINT &amp; PACKAGING, nous proposons des services d&#039;impression de livres alliant qualit\u00e9 et pr\u00e9cision. Que vous ayez besoin d&#039;imprimer des romans, des ouvrages techniques ou tout autre type de publication, nous garantissons un rendu impeccable gr\u00e2ce \u00e0 nos \u00e9quipements de pointe. Nos solutions de reliure offrent une vari\u00e9t\u00e9 de possibilit\u00e9s, adapt\u00e9es \u00e0 vos besoins : La reliure piq\u00fbres en m\u00e9tal : la solution classique et populaire. La reliure dos carr\u00e9 coll\u00e9 : esth\u00e9tique et professionnelle. La reliure \u00e0 spirales : pratique et fonctionnelle. La reliure dos cousu : robuste et durable. Et bien plus encore ! Avec un engagement fort envers la qualit\u00e9, nous vous accompagnons dans la cr\u00e9ation de livres professionnels, \u00e9l\u00e9gants et durables.\" \/>\n<meta property=\"og:url\" content=\"https:\/\/www.novaprint.tn\/en\/product\/livre\/\" \/>\n<meta property=\"og:site_name\" content=\"Nova print\" \/>\n<meta property=\"article:modified_time\" content=\"2025-02-12T12:14:20+00:00\" \/>\n<meta property=\"og:image\" content=\"https:\/\/www.novaprint.tn\/wp-content\/uploads\/2024\/10\/livre2.jpg\" \/>\n\t<meta property=\"og:image:width\" content=\"800\" \/>\n\t<meta property=\"og:image:height\" content=\"800\" \/>\n\t<meta property=\"og:image:type\" content=\"image\/jpeg\" \/>\n<meta name=\"twitter:card\" content=\"summary_large_image\" \/>\n<script type=\"application\/ld+json\" class=\"yoast-schema-graph\">{\"@context\":\"https:\\\/\\\/schema.org\",\"@graph\":[{\"@type\":\"WebPage\",\"@id\":\"https:\\\/\\\/www.novaprint.tn\\\/product\\\/livre\\\/\",\"url\":\"https:\\\/\\\/www.novaprint.tn\\\/product\\\/livre\\\/\",\"name\":\"Livre - Nova print\",\"isPartOf\":{\"@id\":\"https:\\\/\\\/www.novaprint.tn\\\/#website\"},\"primaryImageOfPage\":{\"@id\":\"https:\\\/\\\/www.novaprint.tn\\\/product\\\/livre\\\/#primaryimage\"},\"image\":{\"@id\":\"https:\\\/\\\/www.novaprint.tn\\\/product\\\/livre\\\/#primaryimage\"},\"thumbnailUrl\":\"https:\\\/\\\/www.novaprint.tn\\\/wp-content\\\/uploads\\\/2024\\\/10\\\/livre2.jpg\",\"datePublished\":\"2024-10-17T08:53:39+00:00\",\"dateModified\":\"2025-02-12T12:14:20+00:00\",\"breadcrumb\":{\"@id\":\"https:\\\/\\\/www.novaprint.tn\\\/product\\\/livre\\\/#breadcrumb\"},\"inLanguage\":\"en-GB\",\"potentialAction\":[{\"@type\":\"ReadAction\",\"target\":[\"https:\\\/\\\/www.novaprint.tn\\\/product\\\/livre\\\/\"]}]},{\"@type\":\"ImageObject\",\"inLanguage\":\"en-GB\",\"@id\":\"https:\\\/\\\/www.novaprint.tn\\\/product\\\/livre\\\/#primaryimage\",\"url\":\"https:\\\/\\\/www.novaprint.tn\\\/wp-content\\\/uploads\\\/2024\\\/10\\\/livre2.jpg\",\"contentUrl\":\"https:\\\/\\\/www.novaprint.tn\\\/wp-content\\\/uploads\\\/2024\\\/10\\\/livre2.jpg\",\"width\":800,\"height\":800,\"caption\":\"livre2\"},{\"@type\":\"BreadcrumbList\",\"@id\":\"https:\\\/\\\/www.novaprint.tn\\\/product\\\/livre\\\/#breadcrumb\",\"itemListElement\":[{\"@type\":\"ListItem\",\"position\":1,\"name\":\"Accueil\",\"item\":\"https:\\\/\\\/www.novaprint.tn\\\/\"},{\"@type\":\"ListItem\",\"position\":2,\"name\":\"Products\",\"item\":\"https:\\\/\\\/www.novaprint.tn\\\/shop\\\/\"},{\"@type\":\"ListItem\",\"position\":3,\"name\":\"Livre\"}]},{\"@type\":\"WebSite\",\"@id\":\"https:\\\/\\\/www.novaprint.tn\\\/#website\",\"url\":\"https:\\\/\\\/www.novaprint.tn\\\/\",\"name\":\"Nova print\",\"description\":\"\",\"publisher\":{\"@id\":\"https:\\\/\\\/www.novaprint.tn\\\/#organization\"},\"potentialAction\":[{\"@type\":\"SearchAction\",\"target\":{\"@type\":\"EntryPoint\",\"urlTemplate\":\"https:\\\/\\\/www.novaprint.tn\\\/?s={search_term_string}\"},\"query-input\":{\"@type\":\"PropertyValueSpecification\",\"valueRequired\":true,\"valueName\":\"search_term_string\"}}],\"inLanguage\":\"en-GB\"},{\"@type\":\"Organization\",\"@id\":\"https:\\\/\\\/www.novaprint.tn\\\/#organization\",\"name\":\"Nova print\",\"url\":\"https:\\\/\\\/www.novaprint.tn\\\/\",\"logo\":{\"@type\":\"ImageObject\",\"inLanguage\":\"en-GB\",\"@id\":\"https:\\\/\\\/www.novaprint.tn\\\/#\\\/schema\\\/logo\\\/image\\\/\",\"url\":\"https:\\\/\\\/www.novaprint.tn\\\/wp-content\\\/uploads\\\/2024\\\/07\\\/logo-footer.png\",\"contentUrl\":\"https:\\\/\\\/www.novaprint.tn\\\/wp-content\\\/uploads\\\/2024\\\/07\\\/logo-footer.png\",\"width\":139,\"height\":122,\"caption\":\"Nova print\"},\"image\":{\"@id\":\"https:\\\/\\\/www.novaprint.tn\\\/#\\\/schema\\\/logo\\\/image\\\/\"}}]}<\/script>\n<!-- \/ Yoast SEO plugin. -->","yoast_head_json":{"title":"Livre - Nova print","robots":{"index":"index","follow":"follow","max-snippet":"max-snippet:-1","max-image-preview":"max-image-preview:large","max-video-preview":"max-video-preview:-1"},"canonical":"https:\/\/www.novaprint.tn\/en\/product\/livre\/","og_locale":"en_GB","og_type":"article","og_title":"Livre - Nova print","og_description":"Chez NOVA PRINT &amp; PACKAGING, nous proposons des services d'impression de livres alliant qualit\u00e9 et pr\u00e9cision. Que vous ayez besoin d'imprimer des romans, des ouvrages techniques ou tout autre type de publication, nous garantissons un rendu impeccable gr\u00e2ce \u00e0 nos \u00e9quipements de pointe. Nos solutions de reliure offrent une vari\u00e9t\u00e9 de possibilit\u00e9s, adapt\u00e9es \u00e0 vos besoins : La reliure piq\u00fbres en m\u00e9tal : la solution classique et populaire. La reliure dos carr\u00e9 coll\u00e9 : esth\u00e9tique et professionnelle. La reliure \u00e0 spirales : pratique et fonctionnelle. La reliure dos cousu : robuste et durable. Et bien plus encore ! Avec un engagement fort envers la qualit\u00e9, nous vous accompagnons dans la cr\u00e9ation de livres professionnels, \u00e9l\u00e9gants et durables.","og_url":"https:\/\/www.novaprint.tn\/en\/product\/livre\/","og_site_name":"Nova print","article_modified_time":"2025-02-12T12:14:20+00:00","og_image":[{"width":800,"height":800,"url":"https:\/\/www.novaprint.tn\/wp-content\/uploads\/2024\/10\/livre2.jpg","type":"image\/jpeg"}],"twitter_card":"summary_large_image","schema":{"@context":"https:\/\/schema.org","@graph":[{"@type":"WebPage","@id":"https:\/\/www.novaprint.tn\/product\/livre\/","url":"https:\/\/www.novaprint.tn\/product\/livre\/","name":"Livre - Nova print","isPartOf":{"@id":"https:\/\/www.novaprint.tn\/#website"},"primaryImageOfPage":{"@id":"https:\/\/www.novaprint.tn\/product\/livre\/#primaryimage"},"image":{"@id":"https:\/\/www.novaprint.tn\/product\/livre\/#primaryimage"},"thumbnailUrl":"https:\/\/www.novaprint.tn\/wp-content\/uploads\/2024\/10\/livre2.jpg","datePublished":"2024-10-17T08:53:39+00:00","dateModified":"2025-02-12T12:14:20+00:00","breadcrumb":{"@id":"https:\/\/www.novaprint.tn\/product\/livre\/#breadcrumb"},"inLanguage":"en-GB","potentialAction":[{"@type":"ReadAction","target":["https:\/\/www.novaprint.tn\/product\/livre\/"]}]},{"@type":"ImageObject","inLanguage":"en-GB","@id":"https:\/\/www.novaprint.tn\/product\/livre\/#primaryimage","url":"https:\/\/www.novaprint.tn\/wp-content\/uploads\/2024\/10\/livre2.jpg","contentUrl":"https:\/\/www.novaprint.tn\/wp-content\/uploads\/2024\/10\/livre2.jpg","width":800,"height":800,"caption":"livre2"},{"@type":"BreadcrumbList","@id":"https:\/\/www.novaprint.tn\/product\/livre\/#breadcrumb","itemListElement":[{"@type":"ListItem","position":1,"name":"Accueil","item":"https:\/\/www.novaprint.tn\/"},{"@type":"ListItem","position":2,"name":"Products","item":"https:\/\/www.novaprint.tn\/shop\/"},{"@type":"ListItem","position":3,"name":"Livre"}]},{"@type":"WebSite","@id":"https:\/\/www.novaprint.tn\/#website","url":"https:\/\/www.novaprint.tn\/","name":"Nova print","description":"","publisher":{"@id":"https:\/\/www.novaprint.tn\/#organization"},"potentialAction":[{"@type":"SearchAction","target":{"@type":"EntryPoint","urlTemplate":"https:\/\/www.novaprint.tn\/?s={search_term_string}"},"query-input":{"@type":"PropertyValueSpecification","valueRequired":true,"valueName":"search_term_string"}}],"inLanguage":"en-GB"},{"@type":"Organization","@id":"https:\/\/www.novaprint.tn\/#organization","name":"Nova print","url":"https:\/\/www.novaprint.tn\/","logo":{"@type":"ImageObject","inLanguage":"en-GB","@id":"https:\/\/www.novaprint.tn\/#\/schema\/logo\/image\/","url":"https:\/\/www.novaprint.tn\/wp-content\/uploads\/2024\/07\/logo-footer.png","contentUrl":"https:\/\/www.novaprint.tn\/wp-content\/uploads\/2024\/07\/logo-footer.png","width":139,"height":122,"caption":"Nova print"},"image":{"@id":"https:\/\/www.novaprint.tn\/#\/schema\/logo\/image\/"}}]}},"jetpack_sharing_enabled":true,"_links":{"self":[{"href":"https:\/\/www.novaprint.tn\/en\/wp-json\/wp\/v2\/product\/2726","targetHints":{"allow":["GET"]}}],"collection":[{"href":"https:\/\/www.novaprint.tn\/en\/wp-json\/wp\/v2\/product"}],"about":[{"href":"https:\/\/www.novaprint.tn\/en\/wp-json\/wp\/v2\/types\/product"}],"wp:featuredmedia":[{"embeddable":true,"href":"https:\/\/www.novaprint.tn\/en\/wp-json\/wp\/v2\/media\/3083"}],"wp:attachment":[{"href":"https:\/\/www.novaprint.tn\/en\/wp-json\/wp\/v2\/media?parent=2726"}],"wp:term":[{"taxonomy":"product_brand","embeddable":true,"href":"https:\/\/www.novaprint.tn\/en\/wp-json\/wp\/v2\/product_brand?post=2726"},{"taxonomy":"product_cat","embeddable":true,"href":"https:\/\/www.novaprint.tn\/en\/wp-json\/wp\/v2\/product_cat?post=2726"},{"taxonomy":"product_tag","embeddable":true,"href":"https:\/\/www.novaprint.tn\/en\/wp-json\/wp\/v2\/product_tag?post=2726"}],"curies":[{"name":"wp","href":"https:\/\/api.w.org\/{rel}","templated":true}]}}