{"id":2741,"date":"2024-10-17T11:03:04","date_gmt":"2024-10-17T09:03:04","guid":{"rendered":"https:\/\/www.novaprint.tn\/?post_type=product&#038;p=2741"},"modified":"2025-02-12T13:11:32","modified_gmt":"2025-02-12T12:11:32","slug":"depliant","status":"publish","type":"product","link":"https:\/\/www.novaprint.tn\/en\/product\/depliant\/","title":{"rendered":"Brochure"},"content":{"rendered":"","protected":false},"excerpt":{"rendered":"<p>Chez NOVA PRINT &amp; PACKAGING, nous proposons des services d&#8217;impression de d\u00e9pliants personnalis\u00e9s qui mettent en valeur vos messages et attirent l&#8217;attention de votre public. Sp\u00e9cialement con\u00e7us pour les campagnes publicitaires, les pr\u00e9sentations d&#8217;entreprise ou les \u00e9v\u00e9nements, nos d\u00e9pliants sont imprim\u00e9s avec une qualit\u00e9 exceptionnelle sur des supports durables. Avec une vari\u00e9t\u00e9 de formats et de pliages disponibles, nous garantissons que chaque d\u00e9pliant refl\u00e8te l&#8217;identit\u00e9 de votre marque tout en r\u00e9pondant \u00e0 vos besoins sp\u00e9cifiques en mati\u00e8re d&#8217;emballage et de pr\u00e9sentation.<\/p>","protected":false},"featured_media":2742,"template":"","meta":{"_acf_changed":false},"product_brand":[],"product_cat":[53],"product_tag":[],"class_list":{"0":"post-2741","1":"product","2":"type-product","3":"status-publish","4":"has-post-thumbnail","6":"product_cat-print","7":"clearfix","9":"first","10":"instock","11":"shipping-taxable","12":"product-type-simple"},"acf":[],"yoast_head":"<!-- This site is optimized with the Yoast SEO plugin v27.4 - https:\/\/yoast.com\/product\/yoast-seo-wordpress\/ -->\n<title>D\u00e9pliant - Nova print<\/title>\n<meta name=\"robots\" content=\"index, follow, max-snippet:-1, max-image-preview:large, max-video-preview:-1\" \/>\n<link rel=\"canonical\" href=\"https:\/\/www.novaprint.tn\/en\/product\/depliant\/\" \/>\n<meta property=\"og:locale\" content=\"en_GB\" \/>\n<meta property=\"og:type\" content=\"article\" \/>\n<meta property=\"og:title\" content=\"D\u00e9pliant - Nova print\" \/>\n<meta property=\"og:description\" content=\"Chez NOVA PRINT &amp; PACKAGING, nous proposons des services d&#039;impression de d\u00e9pliants personnalis\u00e9s qui mettent en valeur vos messages et attirent l&#039;attention de votre public. Sp\u00e9cialement con\u00e7us pour les campagnes publicitaires, les pr\u00e9sentations d&#039;entreprise ou les \u00e9v\u00e9nements, nos d\u00e9pliants sont imprim\u00e9s avec une qualit\u00e9 exceptionnelle sur des supports durables. Avec une vari\u00e9t\u00e9 de formats et de pliages disponibles, nous garantissons que chaque d\u00e9pliant refl\u00e8te l&#039;identit\u00e9 de votre marque tout en r\u00e9pondant \u00e0 vos besoins sp\u00e9cifiques en mati\u00e8re d&#039;emballage et de pr\u00e9sentation.\" \/>\n<meta property=\"og:url\" content=\"https:\/\/www.novaprint.tn\/en\/product\/depliant\/\" \/>\n<meta property=\"og:site_name\" content=\"Nova print\" \/>\n<meta property=\"article:modified_time\" content=\"2025-02-12T12:11:32+00:00\" \/>\n<meta property=\"og:image\" content=\"https:\/\/www.novaprint.tn\/wp-content\/uploads\/2024\/10\/Depliant.png\" \/>\n\t<meta property=\"og:image:width\" content=\"800\" \/>\n\t<meta property=\"og:image:height\" content=\"800\" \/>\n\t<meta property=\"og:image:type\" content=\"image\/png\" \/>\n<meta name=\"twitter:card\" content=\"summary_large_image\" \/>\n<script type=\"application\/ld+json\" class=\"yoast-schema-graph\">{\"@context\":\"https:\\\/\\\/schema.org\",\"@graph\":[{\"@type\":\"WebPage\",\"@id\":\"https:\\\/\\\/www.novaprint.tn\\\/product\\\/depliant\\\/\",\"url\":\"https:\\\/\\\/www.novaprint.tn\\\/product\\\/depliant\\\/\",\"name\":\"D\u00e9pliant - Nova print\",\"isPartOf\":{\"@id\":\"https:\\\/\\\/www.novaprint.tn\\\/#website\"},\"primaryImageOfPage\":{\"@id\":\"https:\\\/\\\/www.novaprint.tn\\\/product\\\/depliant\\\/#primaryimage\"},\"image\":{\"@id\":\"https:\\\/\\\/www.novaprint.tn\\\/product\\\/depliant\\\/#primaryimage\"},\"thumbnailUrl\":\"https:\\\/\\\/www.novaprint.tn\\\/wp-content\\\/uploads\\\/2024\\\/10\\\/Depliant.png\",\"datePublished\":\"2024-10-17T09:03:04+00:00\",\"dateModified\":\"2025-02-12T12:11:32+00:00\",\"breadcrumb\":{\"@id\":\"https:\\\/\\\/www.novaprint.tn\\\/product\\\/depliant\\\/#breadcrumb\"},\"inLanguage\":\"en-GB\",\"potentialAction\":[{\"@type\":\"ReadAction\",\"target\":[\"https:\\\/\\\/www.novaprint.tn\\\/product\\\/depliant\\\/\"]}]},{\"@type\":\"ImageObject\",\"inLanguage\":\"en-GB\",\"@id\":\"https:\\\/\\\/www.novaprint.tn\\\/product\\\/depliant\\\/#primaryimage\",\"url\":\"https:\\\/\\\/www.novaprint.tn\\\/wp-content\\\/uploads\\\/2024\\\/10\\\/Depliant.png\",\"contentUrl\":\"https:\\\/\\\/www.novaprint.tn\\\/wp-content\\\/uploads\\\/2024\\\/10\\\/Depliant.png\",\"width\":800,\"height\":800},{\"@type\":\"BreadcrumbList\",\"@id\":\"https:\\\/\\\/www.novaprint.tn\\\/product\\\/depliant\\\/#breadcrumb\",\"itemListElement\":[{\"@type\":\"ListItem\",\"position\":1,\"name\":\"Accueil\",\"item\":\"https:\\\/\\\/www.novaprint.tn\\\/\"},{\"@type\":\"ListItem\",\"position\":2,\"name\":\"Products\",\"item\":\"https:\\\/\\\/www.novaprint.tn\\\/shop\\\/\"},{\"@type\":\"ListItem\",\"position\":3,\"name\":\"D\u00e9pliant\"}]},{\"@type\":\"WebSite\",\"@id\":\"https:\\\/\\\/www.novaprint.tn\\\/#website\",\"url\":\"https:\\\/\\\/www.novaprint.tn\\\/\",\"name\":\"Nova print\",\"description\":\"\",\"publisher\":{\"@id\":\"https:\\\/\\\/www.novaprint.tn\\\/#organization\"},\"potentialAction\":[{\"@type\":\"SearchAction\",\"target\":{\"@type\":\"EntryPoint\",\"urlTemplate\":\"https:\\\/\\\/www.novaprint.tn\\\/?s={search_term_string}\"},\"query-input\":{\"@type\":\"PropertyValueSpecification\",\"valueRequired\":true,\"valueName\":\"search_term_string\"}}],\"inLanguage\":\"en-GB\"},{\"@type\":\"Organization\",\"@id\":\"https:\\\/\\\/www.novaprint.tn\\\/#organization\",\"name\":\"Nova print\",\"url\":\"https:\\\/\\\/www.novaprint.tn\\\/\",\"logo\":{\"@type\":\"ImageObject\",\"inLanguage\":\"en-GB\",\"@id\":\"https:\\\/\\\/www.novaprint.tn\\\/#\\\/schema\\\/logo\\\/image\\\/\",\"url\":\"https:\\\/\\\/www.novaprint.tn\\\/wp-content\\\/uploads\\\/2024\\\/07\\\/logo-footer.png\",\"contentUrl\":\"https:\\\/\\\/www.novaprint.tn\\\/wp-content\\\/uploads\\\/2024\\\/07\\\/logo-footer.png\",\"width\":139,\"height\":122,\"caption\":\"Nova print\"},\"image\":{\"@id\":\"https:\\\/\\\/www.novaprint.tn\\\/#\\\/schema\\\/logo\\\/image\\\/\"}}]}<\/script>\n<!-- \/ Yoast SEO plugin. -->","yoast_head_json":{"title":"D\u00e9pliant - Nova print","robots":{"index":"index","follow":"follow","max-snippet":"max-snippet:-1","max-image-preview":"max-image-preview:large","max-video-preview":"max-video-preview:-1"},"canonical":"https:\/\/www.novaprint.tn\/en\/product\/depliant\/","og_locale":"en_GB","og_type":"article","og_title":"D\u00e9pliant - Nova print","og_description":"Chez NOVA PRINT &amp; PACKAGING, nous proposons des services d'impression de d\u00e9pliants personnalis\u00e9s qui mettent en valeur vos messages et attirent l'attention de votre public. Sp\u00e9cialement con\u00e7us pour les campagnes publicitaires, les pr\u00e9sentations d'entreprise ou les \u00e9v\u00e9nements, nos d\u00e9pliants sont imprim\u00e9s avec une qualit\u00e9 exceptionnelle sur des supports durables. Avec une vari\u00e9t\u00e9 de formats et de pliages disponibles, nous garantissons que chaque d\u00e9pliant refl\u00e8te l'identit\u00e9 de votre marque tout en r\u00e9pondant \u00e0 vos besoins sp\u00e9cifiques en mati\u00e8re d'emballage et de pr\u00e9sentation.","og_url":"https:\/\/www.novaprint.tn\/en\/product\/depliant\/","og_site_name":"Nova print","article_modified_time":"2025-02-12T12:11:32+00:00","og_image":[{"width":800,"height":800,"url":"https:\/\/www.novaprint.tn\/wp-content\/uploads\/2024\/10\/Depliant.png","type":"image\/png"}],"twitter_card":"summary_large_image","schema":{"@context":"https:\/\/schema.org","@graph":[{"@type":"WebPage","@id":"https:\/\/www.novaprint.tn\/product\/depliant\/","url":"https:\/\/www.novaprint.tn\/product\/depliant\/","name":"D\u00e9pliant - Nova print","isPartOf":{"@id":"https:\/\/www.novaprint.tn\/#website"},"primaryImageOfPage":{"@id":"https:\/\/www.novaprint.tn\/product\/depliant\/#primaryimage"},"image":{"@id":"https:\/\/www.novaprint.tn\/product\/depliant\/#primaryimage"},"thumbnailUrl":"https:\/\/www.novaprint.tn\/wp-content\/uploads\/2024\/10\/Depliant.png","datePublished":"2024-10-17T09:03:04+00:00","dateModified":"2025-02-12T12:11:32+00:00","breadcrumb":{"@id":"https:\/\/www.novaprint.tn\/product\/depliant\/#breadcrumb"},"inLanguage":"en-GB","potentialAction":[{"@type":"ReadAction","target":["https:\/\/www.novaprint.tn\/product\/depliant\/"]}]},{"@type":"ImageObject","inLanguage":"en-GB","@id":"https:\/\/www.novaprint.tn\/product\/depliant\/#primaryimage","url":"https:\/\/www.novaprint.tn\/wp-content\/uploads\/2024\/10\/Depliant.png","contentUrl":"https:\/\/www.novaprint.tn\/wp-content\/uploads\/2024\/10\/Depliant.png","width":800,"height":800},{"@type":"BreadcrumbList","@id":"https:\/\/www.novaprint.tn\/product\/depliant\/#breadcrumb","itemListElement":[{"@type":"ListItem","position":1,"name":"Accueil","item":"https:\/\/www.novaprint.tn\/"},{"@type":"ListItem","position":2,"name":"Products","item":"https:\/\/www.novaprint.tn\/shop\/"},{"@type":"ListItem","position":3,"name":"D\u00e9pliant"}]},{"@type":"WebSite","@id":"https:\/\/www.novaprint.tn\/#website","url":"https:\/\/www.novaprint.tn\/","name":"Nova print","description":"","publisher":{"@id":"https:\/\/www.novaprint.tn\/#organization"},"potentialAction":[{"@type":"SearchAction","target":{"@type":"EntryPoint","urlTemplate":"https:\/\/www.novaprint.tn\/?s={search_term_string}"},"query-input":{"@type":"PropertyValueSpecification","valueRequired":true,"valueName":"search_term_string"}}],"inLanguage":"en-GB"},{"@type":"Organization","@id":"https:\/\/www.novaprint.tn\/#organization","name":"Nova print","url":"https:\/\/www.novaprint.tn\/","logo":{"@type":"ImageObject","inLanguage":"en-GB","@id":"https:\/\/www.novaprint.tn\/#\/schema\/logo\/image\/","url":"https:\/\/www.novaprint.tn\/wp-content\/uploads\/2024\/07\/logo-footer.png","contentUrl":"https:\/\/www.novaprint.tn\/wp-content\/uploads\/2024\/07\/logo-footer.png","width":139,"height":122,"caption":"Nova print"},"image":{"@id":"https:\/\/www.novaprint.tn\/#\/schema\/logo\/image\/"}}]}},"jetpack_sharing_enabled":true,"_links":{"self":[{"href":"https:\/\/www.novaprint.tn\/en\/wp-json\/wp\/v2\/product\/2741","targetHints":{"allow":["GET"]}}],"collection":[{"href":"https:\/\/www.novaprint.tn\/en\/wp-json\/wp\/v2\/product"}],"about":[{"href":"https:\/\/www.novaprint.tn\/en\/wp-json\/wp\/v2\/types\/product"}],"wp:featuredmedia":[{"embeddable":true,"href":"https:\/\/www.novaprint.tn\/en\/wp-json\/wp\/v2\/media\/2742"}],"wp:attachment":[{"href":"https:\/\/www.novaprint.tn\/en\/wp-json\/wp\/v2\/media?parent=2741"}],"wp:term":[{"taxonomy":"product_brand","embeddable":true,"href":"https:\/\/www.novaprint.tn\/en\/wp-json\/wp\/v2\/product_brand?post=2741"},{"taxonomy":"product_cat","embeddable":true,"href":"https:\/\/www.novaprint.tn\/en\/wp-json\/wp\/v2\/product_cat?post=2741"},{"taxonomy":"product_tag","embeddable":true,"href":"https:\/\/www.novaprint.tn\/en\/wp-json\/wp\/v2\/product_tag?post=2741"}],"curies":[{"name":"wp","href":"https:\/\/api.w.org\/{rel}","templated":true}]}}