{"id":2744,"date":"2024-10-17T11:05:51","date_gmt":"2024-10-17T09:05:51","guid":{"rendered":"https:\/\/www.novaprint.tn\/?post_type=product&#038;p=2744"},"modified":"2025-02-12T13:09:38","modified_gmt":"2025-02-12T12:09:38","slug":"sac-haute-gamme","status":"publish","type":"product","link":"https:\/\/www.novaprint.tn\/en\/product\/sac-haute-gamme\/","title":{"rendered":"Top of the range bag"},"content":{"rendered":"","protected":false},"excerpt":{"rendered":"<p>Chez NOVA PRINT &amp; PACKAGING, nous offrons des services d&#8217;impression et d&#8217;emballage de sacs personnalis\u00e9s qui allient fonctionnalit\u00e9 et style. Que vous ayez besoin de sacs en papier, nous garantissons une impression de haute qualit\u00e9 qui met en avant votre logo et vos designs. Id\u00e9aux pour des \u00e9v\u00e9nements, des promotions ou comme emballages pour vos produits, nos sacs sont con\u00e7us pour r\u00e9pondre \u00e0 vos exigences tout en \u00e9tant respectueux de l&#8217;environnement. Avec une attention particuli\u00e8re port\u00e9e aux d\u00e9tails et aux finitions, nous vous aidons \u00e0 cr\u00e9er des sacs qui renforcent votre image de marque et impressionnent vos clients.<\/p>","protected":false},"featured_media":2747,"template":"","meta":{"_acf_changed":false},"product_brand":[],"product_cat":[53],"product_tag":[],"class_list":{"0":"post-2744","1":"product","2":"type-product","3":"status-publish","4":"has-post-thumbnail","6":"product_cat-print","7":"clearfix","9":"first","10":"instock","11":"shipping-taxable","12":"product-type-simple"},"acf":[],"yoast_head":"<!-- This site is optimized with the Yoast SEO plugin v27.4 - https:\/\/yoast.com\/product\/yoast-seo-wordpress\/ -->\n<title>Sac haute gamme - Nova print<\/title>\n<meta name=\"robots\" content=\"index, follow, max-snippet:-1, max-image-preview:large, max-video-preview:-1\" \/>\n<link rel=\"canonical\" href=\"https:\/\/www.novaprint.tn\/en\/product\/sac-haute-gamme\/\" \/>\n<meta property=\"og:locale\" content=\"en_GB\" \/>\n<meta property=\"og:type\" content=\"article\" \/>\n<meta property=\"og:title\" content=\"Sac haute gamme - Nova print\" \/>\n<meta property=\"og:description\" content=\"Chez NOVA PRINT &amp; PACKAGING, nous offrons des services d&#039;impression et d&#039;emballage de sacs personnalis\u00e9s qui allient fonctionnalit\u00e9 et style. Que vous ayez besoin de sacs en papier, nous garantissons une impression de haute qualit\u00e9 qui met en avant votre logo et vos designs. Id\u00e9aux pour des \u00e9v\u00e9nements, des promotions ou comme emballages pour vos produits, nos sacs sont con\u00e7us pour r\u00e9pondre \u00e0 vos exigences tout en \u00e9tant respectueux de l&#039;environnement. Avec une attention particuli\u00e8re port\u00e9e aux d\u00e9tails et aux finitions, nous vous aidons \u00e0 cr\u00e9er des sacs qui renforcent votre image de marque et impressionnent vos clients.\" \/>\n<meta property=\"og:url\" content=\"https:\/\/www.novaprint.tn\/en\/product\/sac-haute-gamme\/\" \/>\n<meta property=\"og:site_name\" content=\"Nova print\" \/>\n<meta property=\"article:modified_time\" content=\"2025-02-12T12:09:38+00:00\" \/>\n<meta property=\"og:image\" content=\"https:\/\/www.novaprint.tn\/wp-content\/uploads\/2024\/10\/sac-2.jpg\" \/>\n\t<meta property=\"og:image:width\" content=\"800\" \/>\n\t<meta property=\"og:image:height\" content=\"800\" \/>\n\t<meta property=\"og:image:type\" content=\"image\/jpeg\" \/>\n<meta name=\"twitter:card\" content=\"summary_large_image\" \/>\n<script type=\"application\/ld+json\" class=\"yoast-schema-graph\">{\"@context\":\"https:\\\/\\\/schema.org\",\"@graph\":[{\"@type\":\"WebPage\",\"@id\":\"https:\\\/\\\/www.novaprint.tn\\\/product\\\/sac-haute-gamme\\\/\",\"url\":\"https:\\\/\\\/www.novaprint.tn\\\/product\\\/sac-haute-gamme\\\/\",\"name\":\"Sac haute gamme - Nova print\",\"isPartOf\":{\"@id\":\"https:\\\/\\\/www.novaprint.tn\\\/#website\"},\"primaryImageOfPage\":{\"@id\":\"https:\\\/\\\/www.novaprint.tn\\\/product\\\/sac-haute-gamme\\\/#primaryimage\"},\"image\":{\"@id\":\"https:\\\/\\\/www.novaprint.tn\\\/product\\\/sac-haute-gamme\\\/#primaryimage\"},\"thumbnailUrl\":\"https:\\\/\\\/www.novaprint.tn\\\/wp-content\\\/uploads\\\/2024\\\/10\\\/sac-2.jpg\",\"datePublished\":\"2024-10-17T09:05:51+00:00\",\"dateModified\":\"2025-02-12T12:09:38+00:00\",\"breadcrumb\":{\"@id\":\"https:\\\/\\\/www.novaprint.tn\\\/product\\\/sac-haute-gamme\\\/#breadcrumb\"},\"inLanguage\":\"en-GB\",\"potentialAction\":[{\"@type\":\"ReadAction\",\"target\":[\"https:\\\/\\\/www.novaprint.tn\\\/product\\\/sac-haute-gamme\\\/\"]}]},{\"@type\":\"ImageObject\",\"inLanguage\":\"en-GB\",\"@id\":\"https:\\\/\\\/www.novaprint.tn\\\/product\\\/sac-haute-gamme\\\/#primaryimage\",\"url\":\"https:\\\/\\\/www.novaprint.tn\\\/wp-content\\\/uploads\\\/2024\\\/10\\\/sac-2.jpg\",\"contentUrl\":\"https:\\\/\\\/www.novaprint.tn\\\/wp-content\\\/uploads\\\/2024\\\/10\\\/sac-2.jpg\",\"width\":800,\"height\":800},{\"@type\":\"BreadcrumbList\",\"@id\":\"https:\\\/\\\/www.novaprint.tn\\\/product\\\/sac-haute-gamme\\\/#breadcrumb\",\"itemListElement\":[{\"@type\":\"ListItem\",\"position\":1,\"name\":\"Accueil\",\"item\":\"https:\\\/\\\/www.novaprint.tn\\\/\"},{\"@type\":\"ListItem\",\"position\":2,\"name\":\"Products\",\"item\":\"https:\\\/\\\/www.novaprint.tn\\\/shop\\\/\"},{\"@type\":\"ListItem\",\"position\":3,\"name\":\"Sac haute gamme\"}]},{\"@type\":\"WebSite\",\"@id\":\"https:\\\/\\\/www.novaprint.tn\\\/#website\",\"url\":\"https:\\\/\\\/www.novaprint.tn\\\/\",\"name\":\"Nova print\",\"description\":\"\",\"publisher\":{\"@id\":\"https:\\\/\\\/www.novaprint.tn\\\/#organization\"},\"potentialAction\":[{\"@type\":\"SearchAction\",\"target\":{\"@type\":\"EntryPoint\",\"urlTemplate\":\"https:\\\/\\\/www.novaprint.tn\\\/?s={search_term_string}\"},\"query-input\":{\"@type\":\"PropertyValueSpecification\",\"valueRequired\":true,\"valueName\":\"search_term_string\"}}],\"inLanguage\":\"en-GB\"},{\"@type\":\"Organization\",\"@id\":\"https:\\\/\\\/www.novaprint.tn\\\/#organization\",\"name\":\"Nova print\",\"url\":\"https:\\\/\\\/www.novaprint.tn\\\/\",\"logo\":{\"@type\":\"ImageObject\",\"inLanguage\":\"en-GB\",\"@id\":\"https:\\\/\\\/www.novaprint.tn\\\/#\\\/schema\\\/logo\\\/image\\\/\",\"url\":\"https:\\\/\\\/www.novaprint.tn\\\/wp-content\\\/uploads\\\/2024\\\/07\\\/logo-footer.png\",\"contentUrl\":\"https:\\\/\\\/www.novaprint.tn\\\/wp-content\\\/uploads\\\/2024\\\/07\\\/logo-footer.png\",\"width\":139,\"height\":122,\"caption\":\"Nova print\"},\"image\":{\"@id\":\"https:\\\/\\\/www.novaprint.tn\\\/#\\\/schema\\\/logo\\\/image\\\/\"}}]}<\/script>\n<!-- \/ Yoast SEO plugin. -->","yoast_head_json":{"title":"Sac haute gamme - Nova print","robots":{"index":"index","follow":"follow","max-snippet":"max-snippet:-1","max-image-preview":"max-image-preview:large","max-video-preview":"max-video-preview:-1"},"canonical":"https:\/\/www.novaprint.tn\/en\/product\/sac-haute-gamme\/","og_locale":"en_GB","og_type":"article","og_title":"Sac haute gamme - Nova print","og_description":"Chez NOVA PRINT &amp; PACKAGING, nous offrons des services d'impression et d'emballage de sacs personnalis\u00e9s qui allient fonctionnalit\u00e9 et style. Que vous ayez besoin de sacs en papier, nous garantissons une impression de haute qualit\u00e9 qui met en avant votre logo et vos designs. Id\u00e9aux pour des \u00e9v\u00e9nements, des promotions ou comme emballages pour vos produits, nos sacs sont con\u00e7us pour r\u00e9pondre \u00e0 vos exigences tout en \u00e9tant respectueux de l'environnement. Avec une attention particuli\u00e8re port\u00e9e aux d\u00e9tails et aux finitions, nous vous aidons \u00e0 cr\u00e9er des sacs qui renforcent votre image de marque et impressionnent vos clients.","og_url":"https:\/\/www.novaprint.tn\/en\/product\/sac-haute-gamme\/","og_site_name":"Nova print","article_modified_time":"2025-02-12T12:09:38+00:00","og_image":[{"width":800,"height":800,"url":"https:\/\/www.novaprint.tn\/wp-content\/uploads\/2024\/10\/sac-2.jpg","type":"image\/jpeg"}],"twitter_card":"summary_large_image","schema":{"@context":"https:\/\/schema.org","@graph":[{"@type":"WebPage","@id":"https:\/\/www.novaprint.tn\/product\/sac-haute-gamme\/","url":"https:\/\/www.novaprint.tn\/product\/sac-haute-gamme\/","name":"Sac haute gamme - Nova print","isPartOf":{"@id":"https:\/\/www.novaprint.tn\/#website"},"primaryImageOfPage":{"@id":"https:\/\/www.novaprint.tn\/product\/sac-haute-gamme\/#primaryimage"},"image":{"@id":"https:\/\/www.novaprint.tn\/product\/sac-haute-gamme\/#primaryimage"},"thumbnailUrl":"https:\/\/www.novaprint.tn\/wp-content\/uploads\/2024\/10\/sac-2.jpg","datePublished":"2024-10-17T09:05:51+00:00","dateModified":"2025-02-12T12:09:38+00:00","breadcrumb":{"@id":"https:\/\/www.novaprint.tn\/product\/sac-haute-gamme\/#breadcrumb"},"inLanguage":"en-GB","potentialAction":[{"@type":"ReadAction","target":["https:\/\/www.novaprint.tn\/product\/sac-haute-gamme\/"]}]},{"@type":"ImageObject","inLanguage":"en-GB","@id":"https:\/\/www.novaprint.tn\/product\/sac-haute-gamme\/#primaryimage","url":"https:\/\/www.novaprint.tn\/wp-content\/uploads\/2024\/10\/sac-2.jpg","contentUrl":"https:\/\/www.novaprint.tn\/wp-content\/uploads\/2024\/10\/sac-2.jpg","width":800,"height":800},{"@type":"BreadcrumbList","@id":"https:\/\/www.novaprint.tn\/product\/sac-haute-gamme\/#breadcrumb","itemListElement":[{"@type":"ListItem","position":1,"name":"Accueil","item":"https:\/\/www.novaprint.tn\/"},{"@type":"ListItem","position":2,"name":"Products","item":"https:\/\/www.novaprint.tn\/shop\/"},{"@type":"ListItem","position":3,"name":"Sac haute gamme"}]},{"@type":"WebSite","@id":"https:\/\/www.novaprint.tn\/#website","url":"https:\/\/www.novaprint.tn\/","name":"Nova print","description":"","publisher":{"@id":"https:\/\/www.novaprint.tn\/#organization"},"potentialAction":[{"@type":"SearchAction","target":{"@type":"EntryPoint","urlTemplate":"https:\/\/www.novaprint.tn\/?s={search_term_string}"},"query-input":{"@type":"PropertyValueSpecification","valueRequired":true,"valueName":"search_term_string"}}],"inLanguage":"en-GB"},{"@type":"Organization","@id":"https:\/\/www.novaprint.tn\/#organization","name":"Nova print","url":"https:\/\/www.novaprint.tn\/","logo":{"@type":"ImageObject","inLanguage":"en-GB","@id":"https:\/\/www.novaprint.tn\/#\/schema\/logo\/image\/","url":"https:\/\/www.novaprint.tn\/wp-content\/uploads\/2024\/07\/logo-footer.png","contentUrl":"https:\/\/www.novaprint.tn\/wp-content\/uploads\/2024\/07\/logo-footer.png","width":139,"height":122,"caption":"Nova print"},"image":{"@id":"https:\/\/www.novaprint.tn\/#\/schema\/logo\/image\/"}}]}},"jetpack_sharing_enabled":true,"_links":{"self":[{"href":"https:\/\/www.novaprint.tn\/en\/wp-json\/wp\/v2\/product\/2744","targetHints":{"allow":["GET"]}}],"collection":[{"href":"https:\/\/www.novaprint.tn\/en\/wp-json\/wp\/v2\/product"}],"about":[{"href":"https:\/\/www.novaprint.tn\/en\/wp-json\/wp\/v2\/types\/product"}],"wp:featuredmedia":[{"embeddable":true,"href":"https:\/\/www.novaprint.tn\/en\/wp-json\/wp\/v2\/media\/2747"}],"wp:attachment":[{"href":"https:\/\/www.novaprint.tn\/en\/wp-json\/wp\/v2\/media?parent=2744"}],"wp:term":[{"taxonomy":"product_brand","embeddable":true,"href":"https:\/\/www.novaprint.tn\/en\/wp-json\/wp\/v2\/product_brand?post=2744"},{"taxonomy":"product_cat","embeddable":true,"href":"https:\/\/www.novaprint.tn\/en\/wp-json\/wp\/v2\/product_cat?post=2744"},{"taxonomy":"product_tag","embeddable":true,"href":"https:\/\/www.novaprint.tn\/en\/wp-json\/wp\/v2\/product_tag?post=2744"}],"curies":[{"name":"wp","href":"https:\/\/api.w.org\/{rel}","templated":true}]}}