{"id":2753,"date":"2024-10-17T11:39:05","date_gmt":"2024-10-17T09:39:05","guid":{"rendered":"https:\/\/www.novaprint.tn\/?post_type=product&#038;p=2753"},"modified":"2025-02-12T13:15:59","modified_gmt":"2025-02-12T12:15:59","slug":"notice","status":"publish","type":"product","link":"https:\/\/www.novaprint.tn\/en\/product\/notice\/","title":{"rendered":"Notice"},"content":{"rendered":"","protected":false},"excerpt":{"rendered":"<p>Chez NOVA PRINT &amp; PACKAGING, nous proposons des services d&#8217;impression de notices destin\u00e9es aux secteurs pharmaceutique, parapharmaceutique et autres industries n\u00e9cessitant des instructions claires et pr\u00e9cises. Nous garantissons une impression de haute qualit\u00e9 sur des supports adapt\u00e9s, assurant \u00e0 la fois lisibilit\u00e9 et durabilit\u00e9. Gr\u00e2ce \u00e0 nos \u00e9quipements modernes, nous proposons divers types de pliage, tels que : le pli simple, le pli roul\u00e9, le pli en accord\u00e9on, le pli en fen\u00eatre, le pli crois\u00e9, et bien d&#8217;autres, et ceci tout en respectant les exigences de mise en page et de format.<\/p>","protected":false},"featured_media":2754,"template":"","meta":{"_acf_changed":false},"product_brand":[],"product_cat":[53],"product_tag":[],"class_list":{"0":"post-2753","1":"product","2":"type-product","3":"status-publish","4":"has-post-thumbnail","6":"product_cat-print","7":"clearfix","9":"first","10":"instock","11":"shipping-taxable","12":"product-type-simple"},"acf":[],"yoast_head":"<!-- This site is optimized with the Yoast SEO plugin v27.4 - https:\/\/yoast.com\/product\/yoast-seo-wordpress\/ -->\n<title>Notice - Nova print<\/title>\n<meta name=\"robots\" content=\"index, follow, max-snippet:-1, max-image-preview:large, max-video-preview:-1\" \/>\n<link rel=\"canonical\" href=\"https:\/\/www.novaprint.tn\/en\/product\/notice\/\" \/>\n<meta property=\"og:locale\" content=\"en_GB\" \/>\n<meta property=\"og:type\" content=\"article\" \/>\n<meta property=\"og:title\" content=\"Notice - Nova print\" \/>\n<meta property=\"og:description\" content=\"Chez NOVA PRINT &amp; PACKAGING, nous proposons des services d&#039;impression de notices destin\u00e9es aux secteurs pharmaceutique, parapharmaceutique et autres industries n\u00e9cessitant des instructions claires et pr\u00e9cises. Nous garantissons une impression de haute qualit\u00e9 sur des supports adapt\u00e9s, assurant \u00e0 la fois lisibilit\u00e9 et durabilit\u00e9. Gr\u00e2ce \u00e0 nos \u00e9quipements modernes, nous proposons divers types de pliage, tels que : le pli simple, le pli roul\u00e9, le pli en accord\u00e9on, le pli en fen\u00eatre, le pli crois\u00e9, et bien d&#039;autres, et ceci tout en respectant les exigences de mise en page et de format.\" \/>\n<meta property=\"og:url\" content=\"https:\/\/www.novaprint.tn\/en\/product\/notice\/\" \/>\n<meta property=\"og:site_name\" content=\"Nova print\" \/>\n<meta property=\"article:modified_time\" content=\"2025-02-12T12:15:59+00:00\" \/>\n<meta property=\"og:image\" content=\"https:\/\/www.novaprint.tn\/wp-content\/uploads\/2024\/10\/Notice1.jpg\" \/>\n\t<meta property=\"og:image:width\" content=\"800\" \/>\n\t<meta property=\"og:image:height\" content=\"800\" \/>\n\t<meta property=\"og:image:type\" content=\"image\/jpeg\" \/>\n<meta name=\"twitter:card\" content=\"summary_large_image\" \/>\n<script type=\"application\/ld+json\" class=\"yoast-schema-graph\">{\"@context\":\"https:\\\/\\\/schema.org\",\"@graph\":[{\"@type\":\"WebPage\",\"@id\":\"https:\\\/\\\/www.novaprint.tn\\\/product\\\/notice\\\/\",\"url\":\"https:\\\/\\\/www.novaprint.tn\\\/product\\\/notice\\\/\",\"name\":\"Notice - Nova print\",\"isPartOf\":{\"@id\":\"https:\\\/\\\/www.novaprint.tn\\\/#website\"},\"primaryImageOfPage\":{\"@id\":\"https:\\\/\\\/www.novaprint.tn\\\/product\\\/notice\\\/#primaryimage\"},\"image\":{\"@id\":\"https:\\\/\\\/www.novaprint.tn\\\/product\\\/notice\\\/#primaryimage\"},\"thumbnailUrl\":\"https:\\\/\\\/www.novaprint.tn\\\/wp-content\\\/uploads\\\/2024\\\/10\\\/Notice1.jpg\",\"datePublished\":\"2024-10-17T09:39:05+00:00\",\"dateModified\":\"2025-02-12T12:15:59+00:00\",\"breadcrumb\":{\"@id\":\"https:\\\/\\\/www.novaprint.tn\\\/product\\\/notice\\\/#breadcrumb\"},\"inLanguage\":\"en-GB\",\"potentialAction\":[{\"@type\":\"ReadAction\",\"target\":[\"https:\\\/\\\/www.novaprint.tn\\\/product\\\/notice\\\/\"]}]},{\"@type\":\"ImageObject\",\"inLanguage\":\"en-GB\",\"@id\":\"https:\\\/\\\/www.novaprint.tn\\\/product\\\/notice\\\/#primaryimage\",\"url\":\"https:\\\/\\\/www.novaprint.tn\\\/wp-content\\\/uploads\\\/2024\\\/10\\\/Notice1.jpg\",\"contentUrl\":\"https:\\\/\\\/www.novaprint.tn\\\/wp-content\\\/uploads\\\/2024\\\/10\\\/Notice1.jpg\",\"width\":800,\"height\":800},{\"@type\":\"BreadcrumbList\",\"@id\":\"https:\\\/\\\/www.novaprint.tn\\\/product\\\/notice\\\/#breadcrumb\",\"itemListElement\":[{\"@type\":\"ListItem\",\"position\":1,\"name\":\"Accueil\",\"item\":\"https:\\\/\\\/www.novaprint.tn\\\/\"},{\"@type\":\"ListItem\",\"position\":2,\"name\":\"Products\",\"item\":\"https:\\\/\\\/www.novaprint.tn\\\/shop\\\/\"},{\"@type\":\"ListItem\",\"position\":3,\"name\":\"Notice\"}]},{\"@type\":\"WebSite\",\"@id\":\"https:\\\/\\\/www.novaprint.tn\\\/#website\",\"url\":\"https:\\\/\\\/www.novaprint.tn\\\/\",\"name\":\"Nova print\",\"description\":\"\",\"publisher\":{\"@id\":\"https:\\\/\\\/www.novaprint.tn\\\/#organization\"},\"potentialAction\":[{\"@type\":\"SearchAction\",\"target\":{\"@type\":\"EntryPoint\",\"urlTemplate\":\"https:\\\/\\\/www.novaprint.tn\\\/?s={search_term_string}\"},\"query-input\":{\"@type\":\"PropertyValueSpecification\",\"valueRequired\":true,\"valueName\":\"search_term_string\"}}],\"inLanguage\":\"en-GB\"},{\"@type\":\"Organization\",\"@id\":\"https:\\\/\\\/www.novaprint.tn\\\/#organization\",\"name\":\"Nova print\",\"url\":\"https:\\\/\\\/www.novaprint.tn\\\/\",\"logo\":{\"@type\":\"ImageObject\",\"inLanguage\":\"en-GB\",\"@id\":\"https:\\\/\\\/www.novaprint.tn\\\/#\\\/schema\\\/logo\\\/image\\\/\",\"url\":\"https:\\\/\\\/www.novaprint.tn\\\/wp-content\\\/uploads\\\/2024\\\/07\\\/logo-footer.png\",\"contentUrl\":\"https:\\\/\\\/www.novaprint.tn\\\/wp-content\\\/uploads\\\/2024\\\/07\\\/logo-footer.png\",\"width\":139,\"height\":122,\"caption\":\"Nova print\"},\"image\":{\"@id\":\"https:\\\/\\\/www.novaprint.tn\\\/#\\\/schema\\\/logo\\\/image\\\/\"}}]}<\/script>\n<!-- \/ Yoast SEO plugin. -->","yoast_head_json":{"title":"Notice - Nova print","robots":{"index":"index","follow":"follow","max-snippet":"max-snippet:-1","max-image-preview":"max-image-preview:large","max-video-preview":"max-video-preview:-1"},"canonical":"https:\/\/www.novaprint.tn\/en\/product\/notice\/","og_locale":"en_GB","og_type":"article","og_title":"Notice - Nova print","og_description":"Chez NOVA PRINT &amp; PACKAGING, nous proposons des services d'impression de notices destin\u00e9es aux secteurs pharmaceutique, parapharmaceutique et autres industries n\u00e9cessitant des instructions claires et pr\u00e9cises. Nous garantissons une impression de haute qualit\u00e9 sur des supports adapt\u00e9s, assurant \u00e0 la fois lisibilit\u00e9 et durabilit\u00e9. Gr\u00e2ce \u00e0 nos \u00e9quipements modernes, nous proposons divers types de pliage, tels que : le pli simple, le pli roul\u00e9, le pli en accord\u00e9on, le pli en fen\u00eatre, le pli crois\u00e9, et bien d'autres, et ceci tout en respectant les exigences de mise en page et de format.","og_url":"https:\/\/www.novaprint.tn\/en\/product\/notice\/","og_site_name":"Nova print","article_modified_time":"2025-02-12T12:15:59+00:00","og_image":[{"width":800,"height":800,"url":"https:\/\/www.novaprint.tn\/wp-content\/uploads\/2024\/10\/Notice1.jpg","type":"image\/jpeg"}],"twitter_card":"summary_large_image","schema":{"@context":"https:\/\/schema.org","@graph":[{"@type":"WebPage","@id":"https:\/\/www.novaprint.tn\/product\/notice\/","url":"https:\/\/www.novaprint.tn\/product\/notice\/","name":"Notice - Nova print","isPartOf":{"@id":"https:\/\/www.novaprint.tn\/#website"},"primaryImageOfPage":{"@id":"https:\/\/www.novaprint.tn\/product\/notice\/#primaryimage"},"image":{"@id":"https:\/\/www.novaprint.tn\/product\/notice\/#primaryimage"},"thumbnailUrl":"https:\/\/www.novaprint.tn\/wp-content\/uploads\/2024\/10\/Notice1.jpg","datePublished":"2024-10-17T09:39:05+00:00","dateModified":"2025-02-12T12:15:59+00:00","breadcrumb":{"@id":"https:\/\/www.novaprint.tn\/product\/notice\/#breadcrumb"},"inLanguage":"en-GB","potentialAction":[{"@type":"ReadAction","target":["https:\/\/www.novaprint.tn\/product\/notice\/"]}]},{"@type":"ImageObject","inLanguage":"en-GB","@id":"https:\/\/www.novaprint.tn\/product\/notice\/#primaryimage","url":"https:\/\/www.novaprint.tn\/wp-content\/uploads\/2024\/10\/Notice1.jpg","contentUrl":"https:\/\/www.novaprint.tn\/wp-content\/uploads\/2024\/10\/Notice1.jpg","width":800,"height":800},{"@type":"BreadcrumbList","@id":"https:\/\/www.novaprint.tn\/product\/notice\/#breadcrumb","itemListElement":[{"@type":"ListItem","position":1,"name":"Accueil","item":"https:\/\/www.novaprint.tn\/"},{"@type":"ListItem","position":2,"name":"Products","item":"https:\/\/www.novaprint.tn\/shop\/"},{"@type":"ListItem","position":3,"name":"Notice"}]},{"@type":"WebSite","@id":"https:\/\/www.novaprint.tn\/#website","url":"https:\/\/www.novaprint.tn\/","name":"Nova print","description":"","publisher":{"@id":"https:\/\/www.novaprint.tn\/#organization"},"potentialAction":[{"@type":"SearchAction","target":{"@type":"EntryPoint","urlTemplate":"https:\/\/www.novaprint.tn\/?s={search_term_string}"},"query-input":{"@type":"PropertyValueSpecification","valueRequired":true,"valueName":"search_term_string"}}],"inLanguage":"en-GB"},{"@type":"Organization","@id":"https:\/\/www.novaprint.tn\/#organization","name":"Nova print","url":"https:\/\/www.novaprint.tn\/","logo":{"@type":"ImageObject","inLanguage":"en-GB","@id":"https:\/\/www.novaprint.tn\/#\/schema\/logo\/image\/","url":"https:\/\/www.novaprint.tn\/wp-content\/uploads\/2024\/07\/logo-footer.png","contentUrl":"https:\/\/www.novaprint.tn\/wp-content\/uploads\/2024\/07\/logo-footer.png","width":139,"height":122,"caption":"Nova print"},"image":{"@id":"https:\/\/www.novaprint.tn\/#\/schema\/logo\/image\/"}}]}},"jetpack_sharing_enabled":true,"_links":{"self":[{"href":"https:\/\/www.novaprint.tn\/en\/wp-json\/wp\/v2\/product\/2753","targetHints":{"allow":["GET"]}}],"collection":[{"href":"https:\/\/www.novaprint.tn\/en\/wp-json\/wp\/v2\/product"}],"about":[{"href":"https:\/\/www.novaprint.tn\/en\/wp-json\/wp\/v2\/types\/product"}],"wp:featuredmedia":[{"embeddable":true,"href":"https:\/\/www.novaprint.tn\/en\/wp-json\/wp\/v2\/media\/2754"}],"wp:attachment":[{"href":"https:\/\/www.novaprint.tn\/en\/wp-json\/wp\/v2\/media?parent=2753"}],"wp:term":[{"taxonomy":"product_brand","embeddable":true,"href":"https:\/\/www.novaprint.tn\/en\/wp-json\/wp\/v2\/product_brand?post=2753"},{"taxonomy":"product_cat","embeddable":true,"href":"https:\/\/www.novaprint.tn\/en\/wp-json\/wp\/v2\/product_cat?post=2753"},{"taxonomy":"product_tag","embeddable":true,"href":"https:\/\/www.novaprint.tn\/en\/wp-json\/wp\/v2\/product_tag?post=2753"}],"curies":[{"name":"wp","href":"https:\/\/api.w.org\/{rel}","templated":true}]}}