{"id":2760,"date":"2024-10-17T11:40:57","date_gmt":"2024-10-17T09:40:57","guid":{"rendered":"https:\/\/www.novaprint.tn\/?post_type=product&#038;p=2760"},"modified":"2025-02-12T17:16:29","modified_gmt":"2025-02-12T16:16:29","slug":"para-et-pharmaceutique","status":"publish","type":"product","link":"https:\/\/www.novaprint.tn\/en\/product\/para-et-pharmaceutique\/","title":{"rendered":"Para and pharmaceutical"},"content":{"rendered":"","protected":false},"excerpt":{"rendered":"<p>Chez NOVA PRINT &amp; PACKAGING\u00a0, nous sommes sp\u00e9cialis\u00e9s dans l&#8217;impression et l&#8217;emballage d&#8217;\u00e9tuis destin\u00e9s aux secteurs parapharmaceutique et pharmaceutique. Nos solutions d&#8217;emballage r\u00e9pondent aux exigences strictes de s\u00e9curit\u00e9 et de qualit\u00e9, tout en offrant une pr\u00e9sentation soign\u00e9e et professionnelle de vos produits. Nous utilisons des mat\u00e9riaux conformes aux normes internationales pour garantir la protection des produits sensibles, tout en personnalisant les \u00e9tuis selon vos besoins sp\u00e9cifiques. Avec nos technologies d&#8217;impression de pointe, nous vous aidons \u00e0 cr\u00e9er des emballages qui inspirent confiance, tout en respectant vos d\u00e9lais et vos standards de qualit\u00e9.<\/p>","protected":false},"featured_media":2763,"template":"","meta":{"_acf_changed":false},"product_brand":[],"product_cat":[54],"product_tag":[],"class_list":{"0":"post-2760","1":"product","2":"type-product","3":"status-publish","4":"has-post-thumbnail","6":"product_cat-packaging","7":"clearfix","9":"first","10":"instock","11":"shipping-taxable","12":"product-type-simple"},"acf":[],"yoast_head":"<!-- This site is optimized with the Yoast SEO plugin v27.4 - https:\/\/yoast.com\/product\/yoast-seo-wordpress\/ -->\n<title>Para et pharmaceutique - Nova print<\/title>\n<meta name=\"robots\" content=\"index, follow, max-snippet:-1, max-image-preview:large, max-video-preview:-1\" \/>\n<link rel=\"canonical\" href=\"https:\/\/www.novaprint.tn\/en\/product\/para-et-pharmaceutique\/\" \/>\n<meta property=\"og:locale\" content=\"en_GB\" \/>\n<meta property=\"og:type\" content=\"article\" \/>\n<meta property=\"og:title\" content=\"Para et pharmaceutique - Nova print\" \/>\n<meta property=\"og:description\" content=\"Chez NOVA PRINT &amp; PACKAGING\u00a0, nous sommes sp\u00e9cialis\u00e9s dans l&#039;impression et l&#039;emballage d&#039;\u00e9tuis destin\u00e9s aux secteurs parapharmaceutique et pharmaceutique. Nos solutions d&#039;emballage r\u00e9pondent aux exigences strictes de s\u00e9curit\u00e9 et de qualit\u00e9, tout en offrant une pr\u00e9sentation soign\u00e9e et professionnelle de vos produits. Nous utilisons des mat\u00e9riaux conformes aux normes internationales pour garantir la protection des produits sensibles, tout en personnalisant les \u00e9tuis selon vos besoins sp\u00e9cifiques. Avec nos technologies d&#039;impression de pointe, nous vous aidons \u00e0 cr\u00e9er des emballages qui inspirent confiance, tout en respectant vos d\u00e9lais et vos standards de qualit\u00e9.\" \/>\n<meta property=\"og:url\" content=\"https:\/\/www.novaprint.tn\/en\/product\/para-et-pharmaceutique\/\" \/>\n<meta property=\"og:site_name\" content=\"Nova print\" \/>\n<meta property=\"article:modified_time\" content=\"2025-02-12T16:16:29+00:00\" \/>\n<meta property=\"og:image\" content=\"https:\/\/www.novaprint.tn\/wp-content\/uploads\/2024\/10\/Para-23.png\" \/>\n\t<meta property=\"og:image:width\" content=\"800\" \/>\n\t<meta property=\"og:image:height\" content=\"800\" \/>\n\t<meta property=\"og:image:type\" content=\"image\/png\" \/>\n<meta name=\"twitter:card\" content=\"summary_large_image\" \/>\n<script type=\"application\/ld+json\" class=\"yoast-schema-graph\">{\"@context\":\"https:\\\/\\\/schema.org\",\"@graph\":[{\"@type\":\"WebPage\",\"@id\":\"https:\\\/\\\/www.novaprint.tn\\\/product\\\/para-et-pharmaceutique\\\/\",\"url\":\"https:\\\/\\\/www.novaprint.tn\\\/product\\\/para-et-pharmaceutique\\\/\",\"name\":\"Para et pharmaceutique - Nova print\",\"isPartOf\":{\"@id\":\"https:\\\/\\\/www.novaprint.tn\\\/#website\"},\"primaryImageOfPage\":{\"@id\":\"https:\\\/\\\/www.novaprint.tn\\\/product\\\/para-et-pharmaceutique\\\/#primaryimage\"},\"image\":{\"@id\":\"https:\\\/\\\/www.novaprint.tn\\\/product\\\/para-et-pharmaceutique\\\/#primaryimage\"},\"thumbnailUrl\":\"https:\\\/\\\/www.novaprint.tn\\\/wp-content\\\/uploads\\\/2024\\\/10\\\/Para-23.png\",\"datePublished\":\"2024-10-17T09:40:57+00:00\",\"dateModified\":\"2025-02-12T16:16:29+00:00\",\"breadcrumb\":{\"@id\":\"https:\\\/\\\/www.novaprint.tn\\\/product\\\/para-et-pharmaceutique\\\/#breadcrumb\"},\"inLanguage\":\"en-GB\",\"potentialAction\":[{\"@type\":\"ReadAction\",\"target\":[\"https:\\\/\\\/www.novaprint.tn\\\/product\\\/para-et-pharmaceutique\\\/\"]}]},{\"@type\":\"ImageObject\",\"inLanguage\":\"en-GB\",\"@id\":\"https:\\\/\\\/www.novaprint.tn\\\/product\\\/para-et-pharmaceutique\\\/#primaryimage\",\"url\":\"https:\\\/\\\/www.novaprint.tn\\\/wp-content\\\/uploads\\\/2024\\\/10\\\/Para-23.png\",\"contentUrl\":\"https:\\\/\\\/www.novaprint.tn\\\/wp-content\\\/uploads\\\/2024\\\/10\\\/Para-23.png\",\"width\":800,\"height\":800,\"caption\":\"Para-23\"},{\"@type\":\"BreadcrumbList\",\"@id\":\"https:\\\/\\\/www.novaprint.tn\\\/product\\\/para-et-pharmaceutique\\\/#breadcrumb\",\"itemListElement\":[{\"@type\":\"ListItem\",\"position\":1,\"name\":\"Accueil\",\"item\":\"https:\\\/\\\/www.novaprint.tn\\\/\"},{\"@type\":\"ListItem\",\"position\":2,\"name\":\"Products\",\"item\":\"https:\\\/\\\/www.novaprint.tn\\\/shop\\\/\"},{\"@type\":\"ListItem\",\"position\":3,\"name\":\"Para et pharmaceutique\"}]},{\"@type\":\"WebSite\",\"@id\":\"https:\\\/\\\/www.novaprint.tn\\\/#website\",\"url\":\"https:\\\/\\\/www.novaprint.tn\\\/\",\"name\":\"Nova print\",\"description\":\"\",\"publisher\":{\"@id\":\"https:\\\/\\\/www.novaprint.tn\\\/#organization\"},\"potentialAction\":[{\"@type\":\"SearchAction\",\"target\":{\"@type\":\"EntryPoint\",\"urlTemplate\":\"https:\\\/\\\/www.novaprint.tn\\\/?s={search_term_string}\"},\"query-input\":{\"@type\":\"PropertyValueSpecification\",\"valueRequired\":true,\"valueName\":\"search_term_string\"}}],\"inLanguage\":\"en-GB\"},{\"@type\":\"Organization\",\"@id\":\"https:\\\/\\\/www.novaprint.tn\\\/#organization\",\"name\":\"Nova print\",\"url\":\"https:\\\/\\\/www.novaprint.tn\\\/\",\"logo\":{\"@type\":\"ImageObject\",\"inLanguage\":\"en-GB\",\"@id\":\"https:\\\/\\\/www.novaprint.tn\\\/#\\\/schema\\\/logo\\\/image\\\/\",\"url\":\"https:\\\/\\\/www.novaprint.tn\\\/wp-content\\\/uploads\\\/2024\\\/07\\\/logo-footer.png\",\"contentUrl\":\"https:\\\/\\\/www.novaprint.tn\\\/wp-content\\\/uploads\\\/2024\\\/07\\\/logo-footer.png\",\"width\":139,\"height\":122,\"caption\":\"Nova print\"},\"image\":{\"@id\":\"https:\\\/\\\/www.novaprint.tn\\\/#\\\/schema\\\/logo\\\/image\\\/\"}}]}<\/script>\n<!-- \/ Yoast SEO plugin. -->","yoast_head_json":{"title":"Para et pharmaceutique - Nova print","robots":{"index":"index","follow":"follow","max-snippet":"max-snippet:-1","max-image-preview":"max-image-preview:large","max-video-preview":"max-video-preview:-1"},"canonical":"https:\/\/www.novaprint.tn\/en\/product\/para-et-pharmaceutique\/","og_locale":"en_GB","og_type":"article","og_title":"Para et pharmaceutique - Nova print","og_description":"Chez NOVA PRINT &amp; PACKAGING\u00a0, nous sommes sp\u00e9cialis\u00e9s dans l'impression et l'emballage d'\u00e9tuis destin\u00e9s aux secteurs parapharmaceutique et pharmaceutique. Nos solutions d'emballage r\u00e9pondent aux exigences strictes de s\u00e9curit\u00e9 et de qualit\u00e9, tout en offrant une pr\u00e9sentation soign\u00e9e et professionnelle de vos produits. Nous utilisons des mat\u00e9riaux conformes aux normes internationales pour garantir la protection des produits sensibles, tout en personnalisant les \u00e9tuis selon vos besoins sp\u00e9cifiques. Avec nos technologies d'impression de pointe, nous vous aidons \u00e0 cr\u00e9er des emballages qui inspirent confiance, tout en respectant vos d\u00e9lais et vos standards de qualit\u00e9.","og_url":"https:\/\/www.novaprint.tn\/en\/product\/para-et-pharmaceutique\/","og_site_name":"Nova print","article_modified_time":"2025-02-12T16:16:29+00:00","og_image":[{"width":800,"height":800,"url":"https:\/\/www.novaprint.tn\/wp-content\/uploads\/2024\/10\/Para-23.png","type":"image\/png"}],"twitter_card":"summary_large_image","schema":{"@context":"https:\/\/schema.org","@graph":[{"@type":"WebPage","@id":"https:\/\/www.novaprint.tn\/product\/para-et-pharmaceutique\/","url":"https:\/\/www.novaprint.tn\/product\/para-et-pharmaceutique\/","name":"Para et pharmaceutique - Nova print","isPartOf":{"@id":"https:\/\/www.novaprint.tn\/#website"},"primaryImageOfPage":{"@id":"https:\/\/www.novaprint.tn\/product\/para-et-pharmaceutique\/#primaryimage"},"image":{"@id":"https:\/\/www.novaprint.tn\/product\/para-et-pharmaceutique\/#primaryimage"},"thumbnailUrl":"https:\/\/www.novaprint.tn\/wp-content\/uploads\/2024\/10\/Para-23.png","datePublished":"2024-10-17T09:40:57+00:00","dateModified":"2025-02-12T16:16:29+00:00","breadcrumb":{"@id":"https:\/\/www.novaprint.tn\/product\/para-et-pharmaceutique\/#breadcrumb"},"inLanguage":"en-GB","potentialAction":[{"@type":"ReadAction","target":["https:\/\/www.novaprint.tn\/product\/para-et-pharmaceutique\/"]}]},{"@type":"ImageObject","inLanguage":"en-GB","@id":"https:\/\/www.novaprint.tn\/product\/para-et-pharmaceutique\/#primaryimage","url":"https:\/\/www.novaprint.tn\/wp-content\/uploads\/2024\/10\/Para-23.png","contentUrl":"https:\/\/www.novaprint.tn\/wp-content\/uploads\/2024\/10\/Para-23.png","width":800,"height":800,"caption":"Para-23"},{"@type":"BreadcrumbList","@id":"https:\/\/www.novaprint.tn\/product\/para-et-pharmaceutique\/#breadcrumb","itemListElement":[{"@type":"ListItem","position":1,"name":"Accueil","item":"https:\/\/www.novaprint.tn\/"},{"@type":"ListItem","position":2,"name":"Products","item":"https:\/\/www.novaprint.tn\/shop\/"},{"@type":"ListItem","position":3,"name":"Para et pharmaceutique"}]},{"@type":"WebSite","@id":"https:\/\/www.novaprint.tn\/#website","url":"https:\/\/www.novaprint.tn\/","name":"Nova print","description":"","publisher":{"@id":"https:\/\/www.novaprint.tn\/#organization"},"potentialAction":[{"@type":"SearchAction","target":{"@type":"EntryPoint","urlTemplate":"https:\/\/www.novaprint.tn\/?s={search_term_string}"},"query-input":{"@type":"PropertyValueSpecification","valueRequired":true,"valueName":"search_term_string"}}],"inLanguage":"en-GB"},{"@type":"Organization","@id":"https:\/\/www.novaprint.tn\/#organization","name":"Nova print","url":"https:\/\/www.novaprint.tn\/","logo":{"@type":"ImageObject","inLanguage":"en-GB","@id":"https:\/\/www.novaprint.tn\/#\/schema\/logo\/image\/","url":"https:\/\/www.novaprint.tn\/wp-content\/uploads\/2024\/07\/logo-footer.png","contentUrl":"https:\/\/www.novaprint.tn\/wp-content\/uploads\/2024\/07\/logo-footer.png","width":139,"height":122,"caption":"Nova print"},"image":{"@id":"https:\/\/www.novaprint.tn\/#\/schema\/logo\/image\/"}}]}},"jetpack_sharing_enabled":true,"_links":{"self":[{"href":"https:\/\/www.novaprint.tn\/en\/wp-json\/wp\/v2\/product\/2760","targetHints":{"allow":["GET"]}}],"collection":[{"href":"https:\/\/www.novaprint.tn\/en\/wp-json\/wp\/v2\/product"}],"about":[{"href":"https:\/\/www.novaprint.tn\/en\/wp-json\/wp\/v2\/types\/product"}],"wp:featuredmedia":[{"embeddable":true,"href":"https:\/\/www.novaprint.tn\/en\/wp-json\/wp\/v2\/media\/2763"}],"wp:attachment":[{"href":"https:\/\/www.novaprint.tn\/en\/wp-json\/wp\/v2\/media?parent=2760"}],"wp:term":[{"taxonomy":"product_brand","embeddable":true,"href":"https:\/\/www.novaprint.tn\/en\/wp-json\/wp\/v2\/product_brand?post=2760"},{"taxonomy":"product_cat","embeddable":true,"href":"https:\/\/www.novaprint.tn\/en\/wp-json\/wp\/v2\/product_cat?post=2760"},{"taxonomy":"product_tag","embeddable":true,"href":"https:\/\/www.novaprint.tn\/en\/wp-json\/wp\/v2\/product_tag?post=2760"}],"curies":[{"name":"wp","href":"https:\/\/api.w.org\/{rel}","templated":true}]}}